{"id":1190,"date":"2026-03-09T12:07:49","date_gmt":"2026-03-09T12:07:49","guid":{"rendered":"https:\/\/nefernefernefer.fi\/?page_id=1190"},"modified":"2026-04-21T09:40:38","modified_gmt":"2026-04-21T09:40:38","slug":"elementor-page-1190","status":"publish","type":"page","link":"https:\/\/nefernefernefer.fi\/en\/elementor-page-1190\/","title":{"rendered":"Bar"},"content":{"rendered":"<div data-elementor-type=\"wp-page\" data-elementor-id=\"1190\" class=\"elementor elementor-1190\">\n\t\t\t\t<div class=\"elementor-element elementor-element-55120fc e-flex e-con-boxed e-con e-parent\" data-id=\"55120fc\" data-element_type=\"container\" data-e-type=\"container\">\n\t\t\t\t\t<div class=\"e-con-inner\">\n\t\t\t\t<div class=\"elementor-element elementor-element-40b34b2 elementor-widget elementor-widget-heading\" data-id=\"40b34b2\" data-element_type=\"widget\" data-e-type=\"widget\" data-widget_type=\"heading.default\">\n\t\t\t\t<div class=\"elementor-widget-container\">\n\t\t\t\t\t<h2 class=\"elementor-heading-title elementor-size-default\">Bar<\/h2>\t\t\t\t<\/div>\n\t\t\t\t<\/div>\n\t\t\t\t<div class=\"elementor-element elementor-element-47447eb elementor-widget elementor-widget-text-editor\" data-id=\"47447eb\" data-element_type=\"widget\" data-e-type=\"widget\" data-widget_type=\"text-editor.default\">\n\t\t\t\t<div class=\"elementor-widget-container\">\n\t\t\t\t\t\t\t\t\t<p class=\"p1\">Nefer\u2019s bar is a cocktail, wine and social bar in the centre of Helsinki.<\/p><p class=\"p1\">The wine list is built by Nicol\u00f2 Arnoldi and the cocktails are by Mihat Mohammad \u2014 together, they shape what is poured into the glass.<\/p><p class=\"p1\">Each glass is considered. Our signature cocktails move from one flavour to another \u2014 from Isfahan to Aleppo.<\/p><p class=\"p1\">On Fridays and Saturdays, a DJ carries the atmosphere from the deserts of Dubai to the clubs of Tehran.<\/p><p class=\"p1 translation-block\">Our service is rooted in the Persian tradition of taarof.\u2028The guest is placed above all else.<\/p><p class=\"p1 translation-block\">This is a place to stay.\u2028For a drink.\u2028For the table.<\/p>\t\t\t\t\t\t\t\t<\/div>\n\t\t\t\t<\/div>\n\t\t\t\t<div class=\"elementor-element elementor-element-453249c elementor-align-center elementor-widget elementor-widget-button\" data-id=\"453249c\" data-element_type=\"widget\" data-e-type=\"widget\" data-widget_type=\"button.default\">\n\t\t\t\t<div class=\"elementor-widget-container\">\n\t\t\t\t\t\t\t\t\t<div class=\"elementor-button-wrapper\">\n\t\t\t\t\t<a class=\"elementor-button elementor-button-link elementor-size-sm\" href=\"https:\/\/nefernefernefer.fi\/en\/bar\/\">\n\t\t\t\t\t\t<span class=\"elementor-button-content-wrapper\">\n\t\t\t\t\t\t\t\t\t<span class=\"elementor-button-text\">Cocktails<\/span>\n\t\t\t\t\t<\/span>\n\t\t\t\t\t<\/a>\n\t\t\t\t<\/div>\n\t\t\t\t\t\t\t\t<\/div>\n\t\t\t\t<\/div>\n\t\t\t\t\t<\/div>\n\t\t\t\t<\/div>\n\t\t<div class=\"elementor-element elementor-element-a4299a2 e-flex e-con-boxed e-con e-parent\" data-id=\"a4299a2\" data-element_type=\"container\" data-e-type=\"container\">\n\t\t\t\t\t<div class=\"e-con-inner\">\n\t\t<div class=\"elementor-element elementor-element-66dc669 e-con-full e-flex e-con e-child\" data-id=\"66dc669\" data-element_type=\"container\" data-e-type=\"container\">\n\t\t\t\t<div class=\"elementor-element elementor-element-dff65c1 elementor-widget elementor-widget-heading\" data-id=\"dff65c1\" data-element_type=\"widget\" data-e-type=\"widget\" data-widget_type=\"heading.default\">\n\t\t\t\t<div class=\"elementor-widget-container\">\n\t\t\t\t\t<h2 class=\"elementor-heading-title elementor-size-default\">Resident Dj tAnssi<\/h2>\t\t\t\t<\/div>\n\t\t\t\t<\/div>\n\t\t\t\t<\/div>\n\t\t<div class=\"elementor-element elementor-element-1c490ec e-con-full e-flex e-con e-child\" data-id=\"1c490ec\" data-element_type=\"container\" data-e-type=\"container\">\n\t\t\t\t<div class=\"elementor-element elementor-element-d28665a elementor-widget elementor-widget-image\" data-id=\"d28665a\" data-element_type=\"widget\" data-e-type=\"widget\" data-widget_type=\"image.default\">\n\t\t\t\t<div class=\"elementor-widget-container\">\n\t\t\t\t\t\t\t\t\t\t\t\t\t\t\t<img fetchpriority=\"high\" decoding=\"async\" width=\"1024\" height=\"683\" src=\"https:\/\/nefernefernefer.fi\/wp-content\/uploads\/2026\/03\/AA-JJ-DD-JJ-1024x683.jpg\" class=\"attachment-large size-large wp-image-1292\" alt=\"\" srcset=\"https:\/\/nefernefernefer.fi\/wp-content\/uploads\/2026\/03\/AA-JJ-DD-JJ-1024x683.jpg 1024w, https:\/\/nefernefernefer.fi\/wp-content\/uploads\/2026\/03\/AA-JJ-DD-JJ-300x200.jpg 300w, https:\/\/nefernefernefer.fi\/wp-content\/uploads\/2026\/03\/AA-JJ-DD-JJ-768x512.jpg 768w, https:\/\/nefernefernefer.fi\/wp-content\/uploads\/2026\/03\/AA-JJ-DD-JJ-1536x1025.jpg 1536w, https:\/\/nefernefernefer.fi\/wp-content\/uploads\/2026\/03\/AA-JJ-DD-JJ-18x12.jpg 18w, https:\/\/nefernefernefer.fi\/wp-content\/uploads\/2026\/03\/AA-JJ-DD-JJ.jpg 2000w\" sizes=\"(max-width: 1024px) 100vw, 1024px\" \/>\t\t\t\t\t\t\t\t\t\t\t\t\t\t\t<\/div>\n\t\t\t\t<\/div>\n\t\t\t\t<\/div>\n\t\t<div class=\"elementor-element elementor-element-679eff2 e-con-full e-flex e-con e-child\" data-id=\"679eff2\" data-element_type=\"container\" data-e-type=\"container\">\n\t\t\t\t<div class=\"elementor-element elementor-element-c83225a elementor-widget-tablet__width-initial elementor-widget elementor-widget-text-editor\" data-id=\"c83225a\" data-element_type=\"widget\" data-e-type=\"widget\" data-widget_type=\"text-editor.default\">\n\t\t\t\t<div class=\"elementor-widget-container\">\n\t\t\t\t\t\t\t\t\t<p class=\"p1\">Our resident DJ whose sets include kind of everything. In Nefer Nefer Nefer you'll hear traditional West Asian Arabic and Persian melodies with Balearic vibes and good groove.<\/p>\t\t\t\t\t\t\t\t<\/div>\n\t\t\t\t<\/div>\n\t\t\t\t<\/div>\n\t\t\t\t\t<\/div>\n\t\t\t\t<\/div>\n\t\t<div class=\"elementor-element elementor-element-46c80a0 e-flex e-con-boxed e-con e-parent\" data-id=\"46c80a0\" data-element_type=\"container\" data-e-type=\"container\">\n\t\t\t\t\t<div class=\"e-con-inner\">\n\t\t\t\t<div class=\"elementor-element elementor-element-71182d6 elementor-widget elementor-widget-heading\" data-id=\"71182d6\" data-element_type=\"widget\" data-e-type=\"widget\" data-widget_type=\"heading.default\">\n\t\t\t\t<div class=\"elementor-widget-container\">\n\t\t\t\t\t<h2 class=\"elementor-heading-title elementor-size-default\">Program<\/h2>\t\t\t\t<\/div>\n\t\t\t\t<\/div>\n\t\t\t\t<div class=\"elementor-element elementor-element-1106fb3 elementor-widget elementor-widget-text-editor\" data-id=\"1106fb3\" data-element_type=\"widget\" data-e-type=\"widget\" data-widget_type=\"text-editor.default\">\n\t\t\t\t<div class=\"elementor-widget-container\">\n\t\t\t\t\t\t\t\t\t<p class=\"p1\">24.4. DJ tAnssi<br \/>25.4. DJ Adry \/ DJ tAnssi<\/p><p class=\"p1\">1.5. DJ Stefu<br \/>2.5. DJ Stefu<\/p><p class=\"p1\">8.5. DJ tAnssi<br \/>9.5. DJ tAnssi<\/p><p class=\"p1\">15.5. DJ tAnssi<br \/>16.5. DJ tAnssi<\/p><p class=\"p1\">22.5. DJ tAnssi<br \/>23.5. DJ Stefu<\/p><p class=\"p1\">29.5. DJ Stefu<br \/>30.5. DJ Stefu<\/p>\t\t\t\t\t\t\t\t<\/div>\n\t\t\t\t<\/div>\n\t\t\t\t\t<\/div>\n\t\t\t\t<\/div>\n\t\t<div class=\"elementor-element elementor-element-a28b27d e-flex e-con-boxed e-con e-parent\" data-id=\"a28b27d\" data-element_type=\"container\" data-e-type=\"container\">\n\t\t\t\t\t<div class=\"e-con-inner\">\n\t\t<div class=\"elementor-element elementor-element-faa6e1c e-con-full e-flex e-con e-child\" data-id=\"faa6e1c\" data-element_type=\"container\" data-e-type=\"container\">\n\t\t\t\t<div class=\"elementor-element elementor-element-c6a7e13 elementor-widget elementor-widget-image\" data-id=\"c6a7e13\" data-element_type=\"widget\" data-e-type=\"widget\" data-widget_type=\"image.default\">\n\t\t\t\t<div class=\"elementor-widget-container\">\n\t\t\t\t\t\t\t\t\t\t\t\t\t\t\t<img decoding=\"async\" width=\"768\" height=\"1024\" src=\"https:\/\/nefernefernefer.fi\/wp-content\/uploads\/2026\/03\/DSCF2064-768x1024.jpg\" class=\"attachment-large size-large wp-image-1324\" alt=\"\" srcset=\"https:\/\/nefernefernefer.fi\/wp-content\/uploads\/2026\/03\/DSCF2064-768x1024.jpg 768w, https:\/\/nefernefernefer.fi\/wp-content\/uploads\/2026\/03\/DSCF2064-225x300.jpg 225w, https:\/\/nefernefernefer.fi\/wp-content\/uploads\/2026\/03\/DSCF2064-1152x1536.jpg 1152w, https:\/\/nefernefernefer.fi\/wp-content\/uploads\/2026\/03\/DSCF2064-9x12.jpg 9w, https:\/\/nefernefernefer.fi\/wp-content\/uploads\/2026\/03\/DSCF2064.jpg 1536w\" sizes=\"(max-width: 768px) 100vw, 768px\" \/>\t\t\t\t\t\t\t\t\t\t\t\t\t\t\t<\/div>\n\t\t\t\t<\/div>\n\t\t\t\t<\/div>\n\t\t<div class=\"elementor-element elementor-element-53fae00 e-con-full e-flex e-con e-child\" data-id=\"53fae00\" data-element_type=\"container\" data-e-type=\"container\">\n\t\t\t\t<div class=\"elementor-element elementor-element-1b13e78 elementor-widget elementor-widget-image\" data-id=\"1b13e78\" data-element_type=\"widget\" data-e-type=\"widget\" data-widget_type=\"image.default\">\n\t\t\t\t<div class=\"elementor-widget-container\">\n\t\t\t\t\t\t\t\t\t\t\t\t\t\t\t<img decoding=\"async\" width=\"764\" height=\"1024\" src=\"https:\/\/nefernefernefer.fi\/wp-content\/uploads\/2026\/03\/DSCF1902-e1774358630549-764x1024.jpg\" class=\"attachment-large size-large wp-image-1323\" alt=\"\" srcset=\"https:\/\/nefernefernefer.fi\/wp-content\/uploads\/2026\/03\/DSCF1902-e1774358630549-764x1024.jpg 764w, https:\/\/nefernefernefer.fi\/wp-content\/uploads\/2026\/03\/DSCF1902-e1774358630549-224x300.jpg 224w, https:\/\/nefernefernefer.fi\/wp-content\/uploads\/2026\/03\/DSCF1902-e1774358630549-768x1030.jpg 768w, https:\/\/nefernefernefer.fi\/wp-content\/uploads\/2026\/03\/DSCF1902-e1774358630549-1146x1536.jpg 1146w, https:\/\/nefernefernefer.fi\/wp-content\/uploads\/2026\/03\/DSCF1902-e1774358630549-9x12.jpg 9w, https:\/\/nefernefernefer.fi\/wp-content\/uploads\/2026\/03\/DSCF1902-e1774358630549.jpg 1365w\" sizes=\"(max-width: 764px) 100vw, 764px\" \/>\t\t\t\t\t\t\t\t\t\t\t\t\t\t\t<\/div>\n\t\t\t\t<\/div>\n\t\t\t\t<\/div>\n\t\t\t\t\t<\/div>\n\t\t\t\t<\/div>\n\t\t\t\t<\/div>","protected":false},"excerpt":{"rendered":"<p>Baari Neferin baari on cocktail-, viini- ja seurustelubaari Helsingin keskustassa. Viinilista on Nicol\u00f2 Arnoldin rakentama ja cocktailit Mihat Mohammadin k\u00e4sialaa, yhdess\u00e4 ne m\u00e4\u00e4ritt\u00e4v\u00e4t sen mit\u00e4 lasiin kaadetaan. Jokaisessa lasissa on ajatus. Signaturecocktailit viev\u00e4t mausta toiseen \u2013 Isfahanista Aleppoon. Perjantaisin ja lauantaisin DJ kuljettaa tunnelmaa Dubain aavikoilta Tehranin klubeille. Palvelu pohjautuu persialaiseen taarof-etikettiin.Vieraan paikka on korkeimmalla. [&hellip;]<\/p>\n","protected":false},"author":1,"featured_media":0,"parent":0,"menu_order":0,"comment_status":"closed","ping_status":"closed","template":"","meta":{"site-sidebar-layout":"no-sidebar","site-content-layout":"page-builder","ast-site-content-layout":"full-width-container","site-content-style":"default","site-sidebar-style":"default","ast-global-header-display":"","ast-banner-title-visibility":"","ast-main-header-display":"","ast-hfb-above-header-display":"","ast-hfb-below-header-display":"","ast-hfb-mobile-header-display":"","site-post-title":"disabled","ast-breadcrumbs-content":"","ast-featured-img":"disabled","footer-sml-layout":"","ast-disable-related-posts":"","theme-transparent-header-meta":"","adv-header-id-meta":"","stick-header-meta":"","header-above-stick-meta":"","header-main-stick-meta":"","header-below-stick-meta":"","astra-migrate-meta-layouts":"default","ast-page-background-enabled":"default","ast-page-background-meta":{"desktop":{"background-color":"","background-image":"","background-repeat":"repeat","background-position":"center center","background-size":"auto","background-attachment":"scroll","background-type":"","background-media":"","overlay-type":"","overlay-color":"","overlay-opacity":"","overlay-gradient":""},"tablet":{"background-color":"","background-image":"","background-repeat":"repeat","background-position":"center center","background-size":"auto","background-attachment":"scroll","background-type":"","background-media":"","overlay-type":"","overlay-color":"","overlay-opacity":"","overlay-gradient":""},"mobile":{"background-color":"","background-image":"","background-repeat":"repeat","background-position":"center center","background-size":"auto","background-attachment":"scroll","background-type":"","background-media":"","overlay-type":"","overlay-color":"","overlay-opacity":"","overlay-gradient":""}},"ast-content-background-meta":{"desktop":{"background-color":"var(--ast-global-color-5)","background-image":"","background-repeat":"repeat","background-position":"center center","background-size":"auto","background-attachment":"scroll","background-type":"","background-media":"","overlay-type":"","overlay-color":"","overlay-opacity":"","overlay-gradient":""},"tablet":{"background-color":"var(--ast-global-color-5)","background-image":"","background-repeat":"repeat","background-position":"center center","background-size":"auto","background-attachment":"scroll","background-type":"","background-media":"","overlay-type":"","overlay-color":"","overlay-opacity":"","overlay-gradient":""},"mobile":{"background-color":"var(--ast-global-color-5)","background-image":"","background-repeat":"repeat","background-position":"center center","background-size":"auto","background-attachment":"scroll","background-type":"","background-media":"","overlay-type":"","overlay-color":"","overlay-opacity":"","overlay-gradient":""}},"footnotes":""},"class_list":["post-1190","page","type-page","status-publish","hentry"],"_links":{"self":[{"href":"https:\/\/nefernefernefer.fi\/en\/wp-json\/wp\/v2\/pages\/1190","targetHints":{"allow":["GET"]}}],"collection":[{"href":"https:\/\/nefernefernefer.fi\/en\/wp-json\/wp\/v2\/pages"}],"about":[{"href":"https:\/\/nefernefernefer.fi\/en\/wp-json\/wp\/v2\/types\/page"}],"author":[{"embeddable":true,"href":"https:\/\/nefernefernefer.fi\/en\/wp-json\/wp\/v2\/users\/1"}],"replies":[{"embeddable":true,"href":"https:\/\/nefernefernefer.fi\/en\/wp-json\/wp\/v2\/comments?post=1190"}],"version-history":[{"count":58,"href":"https:\/\/nefernefernefer.fi\/en\/wp-json\/wp\/v2\/pages\/1190\/revisions"}],"predecessor-version":[{"id":1396,"href":"https:\/\/nefernefernefer.fi\/en\/wp-json\/wp\/v2\/pages\/1190\/revisions\/1396"}],"wp:attachment":[{"href":"https:\/\/nefernefernefer.fi\/en\/wp-json\/wp\/v2\/media?parent=1190"}],"curies":[{"name":"wp","href":"https:\/\/api.w.org\/{rel}","templated":true}]}}