{"id":1345,"date":"2026-03-24T14:01:20","date_gmt":"2026-03-24T14:01:20","guid":{"rendered":"https:\/\/nefernefernefer.fi\/?page_id=1345"},"modified":"2026-04-22T09:33:55","modified_gmt":"2026-04-22T09:33:55","slug":"events","status":"publish","type":"page","link":"https:\/\/nefernefernefer.fi\/en\/events\/","title":{"rendered":"Events"},"content":{"rendered":"<div data-elementor-type=\"wp-page\" data-elementor-id=\"1345\" class=\"elementor elementor-1345\">\n\t\t\t\t<div class=\"elementor-element elementor-element-e0f54f0 e-flex e-con-boxed e-con e-parent\" data-id=\"e0f54f0\" data-element_type=\"container\" data-e-type=\"container\">\n\t\t\t\t\t<div class=\"e-con-inner\">\n\t\t\t\t<div class=\"elementor-element elementor-element-b7b91b2 elementor-widget elementor-widget-heading\" data-id=\"b7b91b2\" data-element_type=\"widget\" data-e-type=\"widget\" data-widget_type=\"heading.default\">\n\t\t\t\t<div class=\"elementor-widget-container\">\n\t\t\t\t\t<h2 class=\"elementor-heading-title elementor-size-default\">Events<\/h2>\t\t\t\t<\/div>\n\t\t\t\t<\/div>\n\t\t\t\t\t<\/div>\n\t\t\t\t<\/div>\n\t\t<div class=\"elementor-element elementor-element-95020a5 e-flex e-con-boxed e-con e-parent\" data-id=\"95020a5\" data-element_type=\"container\" data-e-type=\"container\">\n\t\t\t\t\t<div class=\"e-con-inner\">\n\t\t\t\t<div class=\"elementor-element elementor-element-d0ab7ff elementor-widget elementor-widget-text-editor\" data-id=\"d0ab7ff\" data-element_type=\"widget\" data-e-type=\"widget\" data-widget_type=\"text-editor.default\">\n\t\t\t\t<div class=\"elementor-widget-container\">\n\t\t\t\t\t\t\t\t\t<p class=\"p1\">Nefer is available for private events.<\/p><p class=\"p1\">You can reserve the full restaurant or parts of it \u2014 the dining room, the bar, or both together. The space adapts to the evening, whether it\u2019s a celebration, a dinner or a business gathering. The full capacity of the restaurant is 125 guests.<\/p><p class=\"p1\">Tell us what kind of evening you have in mind.<br \/><a href=\"mailto:hello@nefernefernefer.fi\">hello@nefernefernefer.fi<\/a><\/p>\t\t\t\t\t\t\t\t<\/div>\n\t\t\t\t<\/div>\n\t\t\t\t<div class=\"elementor-element elementor-element-6c8dc4a elementor-widget elementor-widget-heading\" data-id=\"6c8dc4a\" data-element_type=\"widget\" data-e-type=\"widget\" data-widget_type=\"heading.default\">\n\t\t\t\t<div class=\"elementor-widget-container\">\n\t\t\t\t\t<h2 class=\"elementor-heading-title elementor-size-default\">Program<\/h2>\t\t\t\t<\/div>\n\t\t\t\t<\/div>\n\t\t\t\t<div class=\"elementor-element elementor-element-3a178ac elementor-widget elementor-widget-text-editor\" data-id=\"3a178ac\" data-element_type=\"widget\" data-e-type=\"widget\" data-widget_type=\"text-editor.default\">\n\t\t\t\t<div class=\"elementor-widget-container\">\n\t\t\t\t\t\t\t\t\t<p class=\"p1\">24.4. DJ tAnssi<br \/>25.4. DJ tAnssi<\/p><p class=\"p1\">1.5. DJ Stefu<br \/>2.5. DJ Stefu \/ DJ Cecilia<\/p><p>\u200bCecilia is a house music DJ drawn to melodic and groovy rhythms, passionate about creating a sound that flows and evolves throughout the night.<\/p><p class=\"p1\">8.5. DJ tAnssi<br \/>9.5. DJ tAnssi<\/p><p class=\"p1\">15.5. DJ tAnssi<br \/>16.5. DJ tAnssi<\/p><p class=\"p1\">22.5. DJ tAnssi<br \/>23.5. DJ Stefu<\/p><p class=\"p1\">29.5. DJ Stefu<br \/>30.5. DJ Stefu<\/p>\t\t\t\t\t\t\t\t<\/div>\n\t\t\t\t<\/div>\n\t\t\t\t\t<\/div>\n\t\t\t\t<\/div>\n\t\t<div class=\"elementor-element elementor-element-cba4b17 e-flex e-con-boxed e-con e-parent\" data-id=\"cba4b17\" data-element_type=\"container\" data-e-type=\"container\">\n\t\t\t\t\t<div class=\"e-con-inner\">\n\t\t<div class=\"elementor-element elementor-element-0556582 e-con-full e-flex e-con e-child\" data-id=\"0556582\" data-element_type=\"container\" data-e-type=\"container\">\n\t\t\t\t<div class=\"elementor-element elementor-element-c438a75 elementor-widget elementor-widget-image\" data-id=\"c438a75\" data-element_type=\"widget\" data-e-type=\"widget\" data-widget_type=\"image.default\">\n\t\t\t\t<div class=\"elementor-widget-container\">\n\t\t\t\t\t\t\t\t\t\t\t\t\t\t\t<img fetchpriority=\"high\" decoding=\"async\" width=\"767\" height=\"1024\" src=\"https:\/\/nefernefernefer.fi\/wp-content\/uploads\/2026\/03\/DSCF3163-e1774361364971-767x1024.jpg\" class=\"attachment-large size-large wp-image-1354\" alt=\"\" srcset=\"https:\/\/nefernefernefer.fi\/wp-content\/uploads\/2026\/03\/DSCF3163-e1774361364971-767x1024.jpg 767w, https:\/\/nefernefernefer.fi\/wp-content\/uploads\/2026\/03\/DSCF3163-e1774361364971-225x300.jpg 225w, https:\/\/nefernefernefer.fi\/wp-content\/uploads\/2026\/03\/DSCF3163-e1774361364971-768x1026.jpg 768w, https:\/\/nefernefernefer.fi\/wp-content\/uploads\/2026\/03\/DSCF3163-e1774361364971-1150x1536.jpg 1150w, https:\/\/nefernefernefer.fi\/wp-content\/uploads\/2026\/03\/DSCF3163-e1774361364971-9x12.jpg 9w, https:\/\/nefernefernefer.fi\/wp-content\/uploads\/2026\/03\/DSCF3163-e1774361364971.jpg 1365w\" sizes=\"(max-width: 767px) 100vw, 767px\" \/>\t\t\t\t\t\t\t\t\t\t\t\t\t\t\t<\/div>\n\t\t\t\t<\/div>\n\t\t\t\t<\/div>\n\t\t<div class=\"elementor-element elementor-element-615f77a e-con-full e-flex e-con e-child\" data-id=\"615f77a\" data-element_type=\"container\" data-e-type=\"container\">\n\t\t\t\t<div class=\"elementor-element elementor-element-c0d008d elementor-widget elementor-widget-image\" data-id=\"c0d008d\" data-element_type=\"widget\" data-e-type=\"widget\" data-widget_type=\"image.default\">\n\t\t\t\t<div class=\"elementor-widget-container\">\n\t\t\t\t\t\t\t\t\t\t\t\t\t\t\t<img decoding=\"async\" width=\"767\" height=\"1024\" src=\"https:\/\/nefernefernefer.fi\/wp-content\/uploads\/2026\/03\/DSCF1891-e1774361426456-767x1024.jpg\" class=\"attachment-large size-large wp-image-1356\" alt=\"\" srcset=\"https:\/\/nefernefernefer.fi\/wp-content\/uploads\/2026\/03\/DSCF1891-e1774361426456-767x1024.jpg 767w, https:\/\/nefernefernefer.fi\/wp-content\/uploads\/2026\/03\/DSCF1891-e1774361426456-225x300.jpg 225w, https:\/\/nefernefernefer.fi\/wp-content\/uploads\/2026\/03\/DSCF1891-e1774361426456-768x1025.jpg 768w, https:\/\/nefernefernefer.fi\/wp-content\/uploads\/2026\/03\/DSCF1891-e1774361426456-1151x1536.jpg 1151w, https:\/\/nefernefernefer.fi\/wp-content\/uploads\/2026\/03\/DSCF1891-e1774361426456-9x12.jpg 9w, https:\/\/nefernefernefer.fi\/wp-content\/uploads\/2026\/03\/DSCF1891-e1774361426456.jpg 1364w\" sizes=\"(max-width: 767px) 100vw, 767px\" \/>\t\t\t\t\t\t\t\t\t\t\t\t\t\t\t<\/div>\n\t\t\t\t<\/div>\n\t\t\t\t<\/div>\n\t\t<div class=\"elementor-element elementor-element-64647bf e-con-full e-flex e-con e-child\" data-id=\"64647bf\" data-element_type=\"container\" data-e-type=\"container\">\n\t\t\t\t<div class=\"elementor-element elementor-element-ac18d0f elementor-widget elementor-widget-image\" data-id=\"ac18d0f\" data-element_type=\"widget\" data-e-type=\"widget\" data-widget_type=\"image.default\">\n\t\t\t\t<div class=\"elementor-widget-container\">\n\t\t\t\t\t\t\t\t\t\t\t\t\t\t\t<img decoding=\"async\" width=\"768\" height=\"1024\" src=\"https:\/\/nefernefernefer.fi\/wp-content\/uploads\/2026\/03\/DSCF1917-768x1024.jpg\" class=\"attachment-large size-large wp-image-1357\" alt=\"\" srcset=\"https:\/\/nefernefernefer.fi\/wp-content\/uploads\/2026\/03\/DSCF1917-768x1024.jpg 768w, https:\/\/nefernefernefer.fi\/wp-content\/uploads\/2026\/03\/DSCF1917-225x300.jpg 225w, https:\/\/nefernefernefer.fi\/wp-content\/uploads\/2026\/03\/DSCF1917-1152x1536.jpg 1152w, https:\/\/nefernefernefer.fi\/wp-content\/uploads\/2026\/03\/DSCF1917-9x12.jpg 9w, https:\/\/nefernefernefer.fi\/wp-content\/uploads\/2026\/03\/DSCF1917.jpg 1536w\" sizes=\"(max-width: 768px) 100vw, 768px\" \/>\t\t\t\t\t\t\t\t\t\t\t\t\t\t\t<\/div>\n\t\t\t\t<\/div>\n\t\t\t\t<\/div>\n\t\t<div class=\"elementor-element elementor-element-5fd02cb e-con-full e-flex e-con e-child\" data-id=\"5fd02cb\" data-element_type=\"container\" data-e-type=\"container\">\n\t\t\t\t<div class=\"elementor-element elementor-element-97f15a4 elementor-widget elementor-widget-image\" data-id=\"97f15a4\" data-element_type=\"widget\" data-e-type=\"widget\" data-widget_type=\"image.default\">\n\t\t\t\t<div class=\"elementor-widget-container\">\n\t\t\t\t\t\t\t\t\t\t\t\t\t\t\t<img loading=\"lazy\" decoding=\"async\" width=\"767\" height=\"1024\" src=\"https:\/\/nefernefernefer.fi\/wp-content\/uploads\/2026\/03\/DSCF1902-1-e1774361459846-767x1024.jpg\" class=\"attachment-large size-large wp-image-1355\" alt=\"\" srcset=\"https:\/\/nefernefernefer.fi\/wp-content\/uploads\/2026\/03\/DSCF1902-1-e1774361459846-767x1024.jpg 767w, https:\/\/nefernefernefer.fi\/wp-content\/uploads\/2026\/03\/DSCF1902-1-e1774361459846-225x300.jpg 225w, https:\/\/nefernefernefer.fi\/wp-content\/uploads\/2026\/03\/DSCF1902-1-e1774361459846-768x1026.jpg 768w, https:\/\/nefernefernefer.fi\/wp-content\/uploads\/2026\/03\/DSCF1902-1-e1774361459846-1150x1536.jpg 1150w, https:\/\/nefernefernefer.fi\/wp-content\/uploads\/2026\/03\/DSCF1902-1-e1774361459846-9x12.jpg 9w, https:\/\/nefernefernefer.fi\/wp-content\/uploads\/2026\/03\/DSCF1902-1-e1774361459846.jpg 1365w\" sizes=\"(max-width: 767px) 100vw, 767px\" \/>\t\t\t\t\t\t\t\t\t\t\t\t\t\t\t<\/div>\n\t\t\t\t<\/div>\n\t\t\t\t<\/div>\n\t\t\t\t\t<\/div>\n\t\t\t\t<\/div>\n\t\t\t\t<\/div>","protected":false},"excerpt":{"rendered":"<p>Tapahtumat Nefer on varattavissa yksityistilaisuuksiin. Voit varata koko ravintolan tai osan siit\u00e4 \u2014 salin, baarin tai molemmat yhdess\u00e4. Tilat muotoutuvat illan mukaan, oli kyseess\u00e4 juhla, illallinen tai ty\u00f6tilaisuus. Koko ravintolan kapasiteetti on 125 henkil\u00f6\u00e4. Kerro meille, millaisen illan haluat j\u00e4rjest\u00e4\u00e4.hello@nefernefernefer.fi Ohjelma 24.4. DJ tAnssi25.4. DJ tAnssi 1.5. DJ Stefu2.5. DJ Stefu \/ DJ Cecilia \u200bCecilia [&hellip;]<\/p>\n","protected":false},"author":1,"featured_media":0,"parent":0,"menu_order":0,"comment_status":"closed","ping_status":"closed","template":"","meta":{"site-sidebar-layout":"no-sidebar","site-content-layout":"page-builder","ast-site-content-layout":"full-width-container","site-content-style":"default","site-sidebar-style":"default","ast-global-header-display":"","ast-banner-title-visibility":"","ast-main-header-display":"","ast-hfb-above-header-display":"","ast-hfb-below-header-display":"","ast-hfb-mobile-header-display":"","site-post-title":"disabled","ast-breadcrumbs-content":"","ast-featured-img":"disabled","footer-sml-layout":"","ast-disable-related-posts":"","theme-transparent-header-meta":"","adv-header-id-meta":"","stick-header-meta":"","header-above-stick-meta":"","header-main-stick-meta":"","header-below-stick-meta":"","astra-migrate-meta-layouts":"default","ast-page-background-enabled":"default","ast-page-background-meta":{"desktop":{"background-color":"","background-image":"","background-repeat":"repeat","background-position":"center center","background-size":"auto","background-attachment":"scroll","background-type":"","background-media":"","overlay-type":"","overlay-color":"","overlay-opacity":"","overlay-gradient":""},"tablet":{"background-color":"","background-image":"","background-repeat":"repeat","background-position":"center center","background-size":"auto","background-attachment":"scroll","background-type":"","background-media":"","overlay-type":"","overlay-color":"","overlay-opacity":"","overlay-gradient":""},"mobile":{"background-color":"","background-image":"","background-repeat":"repeat","background-position":"center center","background-size":"auto","background-attachment":"scroll","background-type":"","background-media":"","overlay-type":"","overlay-color":"","overlay-opacity":"","overlay-gradient":""}},"ast-content-background-meta":{"desktop":{"background-color":"var(--ast-global-color-5)","background-image":"","background-repeat":"repeat","background-position":"center center","background-size":"auto","background-attachment":"scroll","background-type":"","background-media":"","overlay-type":"","overlay-color":"","overlay-opacity":"","overlay-gradient":""},"tablet":{"background-color":"var(--ast-global-color-5)","background-image":"","background-repeat":"repeat","background-position":"center center","background-size":"auto","background-attachment":"scroll","background-type":"","background-media":"","overlay-type":"","overlay-color":"","overlay-opacity":"","overlay-gradient":""},"mobile":{"background-color":"var(--ast-global-color-5)","background-image":"","background-repeat":"repeat","background-position":"center center","background-size":"auto","background-attachment":"scroll","background-type":"","background-media":"","overlay-type":"","overlay-color":"","overlay-opacity":"","overlay-gradient":""}},"footnotes":""},"class_list":["post-1345","page","type-page","status-publish","hentry"],"_links":{"self":[{"href":"https:\/\/nefernefernefer.fi\/en\/wp-json\/wp\/v2\/pages\/1345","targetHints":{"allow":["GET"]}}],"collection":[{"href":"https:\/\/nefernefernefer.fi\/en\/wp-json\/wp\/v2\/pages"}],"about":[{"href":"https:\/\/nefernefernefer.fi\/en\/wp-json\/wp\/v2\/types\/page"}],"author":[{"embeddable":true,"href":"https:\/\/nefernefernefer.fi\/en\/wp-json\/wp\/v2\/users\/1"}],"replies":[{"embeddable":true,"href":"https:\/\/nefernefernefer.fi\/en\/wp-json\/wp\/v2\/comments?post=1345"}],"version-history":[{"count":19,"href":"https:\/\/nefernefernefer.fi\/en\/wp-json\/wp\/v2\/pages\/1345\/revisions"}],"predecessor-version":[{"id":1402,"href":"https:\/\/nefernefernefer.fi\/en\/wp-json\/wp\/v2\/pages\/1345\/revisions\/1402"}],"wp:attachment":[{"href":"https:\/\/nefernefernefer.fi\/en\/wp-json\/wp\/v2\/media?parent=1345"}],"curies":[{"name":"wp","href":"https:\/\/api.w.org\/{rel}","templated":true}]}}