{"id":486,"date":"2025-11-17T20:10:50","date_gmt":"2025-11-17T20:10:50","guid":{"rendered":"https:\/\/nefernefernefer.fi\/?page_id=486"},"modified":"2026-04-02T05:39:14","modified_gmt":"2026-04-02T05:39:14","slug":"menu","status":"publish","type":"page","link":"https:\/\/nefernefernefer.fi\/en\/menu\/","title":{"rendered":"Menu"},"content":{"rendered":"<div data-elementor-type=\"wp-page\" data-elementor-id=\"486\" class=\"elementor elementor-486\">\n\t\t\t\t<div class=\"elementor-element elementor-element-d6489d9 e-con-full e-flex e-con e-parent\" data-id=\"d6489d9\" data-element_type=\"container\" data-e-type=\"container\" data-settings=\"{&quot;background_background&quot;:&quot;classic&quot;}\">\n\t\t<div class=\"elementor-element elementor-element-bdb0812 e-con-full e-flex e-con e-child\" data-id=\"bdb0812\" data-element_type=\"container\" data-e-type=\"container\">\n\t\t\t\t<div class=\"elementor-element elementor-element-afdf36d elementor-widget elementor-widget-spacer\" data-id=\"afdf36d\" data-element_type=\"widget\" data-e-type=\"widget\" data-widget_type=\"spacer.default\">\n\t\t\t\t<div class=\"elementor-widget-container\">\n\t\t\t\t\t\t\t<div class=\"elementor-spacer\">\n\t\t\t<div class=\"elementor-spacer-inner\"><\/div>\n\t\t<\/div>\n\t\t\t\t\t\t<\/div>\n\t\t\t\t<\/div>\n\t\t\t\t<div class=\"elementor-element elementor-element-968c802 elementor-widget elementor-widget-heading\" data-id=\"968c802\" data-element_type=\"widget\" data-e-type=\"widget\" data-widget_type=\"heading.default\">\n\t\t\t\t<div class=\"elementor-widget-container\">\n\t\t\t\t\t<h2 class=\"elementor-heading-title elementor-size-default\">Menu<\/h2>\t\t\t\t<\/div>\n\t\t\t\t<\/div>\n\t\t<div class=\"elementor-element elementor-element-98e3fc5 e-grid e-con-full e-con e-child\" data-id=\"98e3fc5\" data-element_type=\"container\" data-e-type=\"container\">\n\t\t\t\t<div class=\"elementor-element elementor-element-3c95eec elementor-align-right elementor-widget elementor-widget-button\" data-id=\"3c95eec\" data-element_type=\"widget\" data-e-type=\"widget\" data-widget_type=\"button.default\">\n\t\t\t\t<div class=\"elementor-widget-container\">\n\t\t\t\t\t\t\t\t\t<div class=\"elementor-button-wrapper\">\n\t\t\t\t\t<a class=\"elementor-button elementor-button-link elementor-size-sm\" href=\"https:\/\/nefernefernefer.fi\/en\/bar\/\">\n\t\t\t\t\t\t<span class=\"elementor-button-content-wrapper\">\n\t\t\t\t\t\t\t\t\t<span class=\"elementor-button-text\">Cocktails<\/span>\n\t\t\t\t\t<\/span>\n\t\t\t\t\t<\/a>\n\t\t\t\t<\/div>\n\t\t\t\t\t\t\t\t<\/div>\n\t\t\t\t<\/div>\n\t\t\t\t<\/div>\n\t\t\t\t<div class=\"elementor-element elementor-element-411d071 elementor-widget elementor-widget-image\" data-id=\"411d071\" data-element_type=\"widget\" data-e-type=\"widget\" data-widget_type=\"image.default\">\n\t\t\t\t<div class=\"elementor-widget-container\">\n\t\t\t\t\t\t\t\t\t\t\t\t\t\t\t<img fetchpriority=\"high\" decoding=\"async\" width=\"683\" height=\"1024\" src=\"https:\/\/nefernefernefer.fi\/wp-content\/uploads\/2025\/11\/DSCF2185-683x1024.jpg\" class=\"attachment-large size-large wp-image-917\" alt=\"\" srcset=\"https:\/\/nefernefernefer.fi\/wp-content\/uploads\/2025\/11\/DSCF2185-683x1024.jpg 683w, https:\/\/nefernefernefer.fi\/wp-content\/uploads\/2025\/11\/DSCF2185-200x300.jpg 200w, https:\/\/nefernefernefer.fi\/wp-content\/uploads\/2025\/11\/DSCF2185-768x1152.jpg 768w, https:\/\/nefernefernefer.fi\/wp-content\/uploads\/2025\/11\/DSCF2185-1024x1536.jpg 1024w, https:\/\/nefernefernefer.fi\/wp-content\/uploads\/2025\/11\/DSCF2185-8x12.jpg 8w, https:\/\/nefernefernefer.fi\/wp-content\/uploads\/2025\/11\/DSCF2185.jpg 1365w\" sizes=\"(max-width: 683px) 100vw, 683px\" \/>\t\t\t\t\t\t\t\t\t\t\t\t\t\t\t<\/div>\n\t\t\t\t<\/div>\n\t\t\t\t<\/div>\n\t\t<div class=\"elementor-element elementor-element-195066e e-con-full e-flex e-con e-child\" data-id=\"195066e\" data-element_type=\"container\" data-e-type=\"container\">\n\t\t\t\t<div class=\"elementor-element elementor-element-d863c58 elementor-widget elementor-widget-heading\" data-id=\"d863c58\" data-element_type=\"widget\" data-e-type=\"widget\" data-widget_type=\"heading.default\">\n\t\t\t\t<div class=\"elementor-widget-container\">\n\t\t\t\t\t<h2 class=\"elementor-heading-title elementor-size-default\">Chef's snacks<\/h2>\t\t\t\t<\/div>\n\t\t\t\t<\/div>\n\t\t\t\t<div class=\"elementor-element elementor-element-3be1fff elementor-widget elementor-widget-text-editor\" data-id=\"3be1fff\" data-element_type=\"widget\" data-e-type=\"widget\" data-widget_type=\"text-editor.default\">\n\t\t\t\t<div class=\"elementor-widget-container\">\n\t\t\t\t\t\t\t\t\t<h6 class=\"p1\"><b>Hummustartlet 5<\/b><\/h6><p class=\"p1\">Chickpeas, Tatbila, Pine Nuts<br \/>Kikherneit\u00e4, Tatbilaa, Pinjansiemeni\u00e4<br \/>Vegan option available<\/p><h6 class=\"p1\"><b>Lamb Sambouseh 5<\/b><\/h6><p class=\"p1\">Filo pastry, Savoy cabbage, Pickled raisins<br \/>Filotaikinaa, Savoijinkaalia, Pikkel\u00f6ityj\u00e4 Rusinoita<br \/>Vegan option available<\/p><h6 class=\"p1\"><b>Zeytoon Parvardeh 5<\/b><\/h6><p class=\"p1\">Olives, Pomegranate, Walnuts<br \/>Oliivia, Granaattiomenaa, Saksanp\u00e4hkin\u00e4\u00e4<\/p><p class=\"p1\">Vegan<\/p><h6 class=\"p1\"><b>Oyster Shekampor 7<\/b><\/h6><p class=\"p1\">Sour Orange, Walnuts, Barberries<br \/>Hapanappelsiinia, Saksanp\u00e4hkin\u00e4\u00e4, Happomarjaa<\/p><h6 class=\"p1\"><b>Kibbeh Nayyeh 6<\/b><\/h6><p class=\"p1\">Raw Beef, Pomegranate, Black Garlic<br \/>Raakaa H\u00e4rk\u00e4\u00e4, Granaattiomenaa, Mustaa Valkosipulia<\/p>\t\t\t\t\t\t\t\t<\/div>\n\t\t\t\t<\/div>\n\t\t\t\t<\/div>\n\t\t\t\t<\/div>\n\t\t<div class=\"elementor-element elementor-element-f730225 e-flex e-con-boxed e-con e-parent\" data-id=\"f730225\" data-element_type=\"container\" data-e-type=\"container\" data-settings=\"{&quot;background_background&quot;:&quot;classic&quot;}\">\n\t\t\t\t\t<div class=\"e-con-inner\">\n\t\t<div class=\"elementor-element elementor-element-efe6568 e-con-full e-flex e-con e-child\" data-id=\"efe6568\" data-element_type=\"container\" data-e-type=\"container\">\n\t\t\t\t<\/div>\n\t\t<div class=\"elementor-element elementor-element-79a45ec e-con-full e-flex e-con e-child\" data-id=\"79a45ec\" data-element_type=\"container\" data-e-type=\"container\">\n\t\t\t\t<div class=\"elementor-element elementor-element-c20036a elementor-widget elementor-widget-heading\" data-id=\"c20036a\" data-element_type=\"widget\" data-e-type=\"widget\" data-widget_type=\"heading.default\">\n\t\t\t\t<div class=\"elementor-widget-container\">\n\t\t\t\t\t<h2 class=\"elementor-heading-title elementor-size-default\">Small plates<\/h2>\t\t\t\t<\/div>\n\t\t\t\t<\/div>\n\t\t\t\t<div class=\"elementor-element elementor-element-c770c2f elementor-widget elementor-widget-text-editor\" data-id=\"c770c2f\" data-element_type=\"widget\" data-e-type=\"widget\" data-widget_type=\"text-editor.default\">\n\t\t\t\t<div class=\"elementor-widget-container\">\n\t\t\t\t\t\t\t\t\t<h6 class=\"p1\"><b>Kashkeh Bademjan 13<\/b><\/h6><p class=\"p1\">Eggplant, Mint, Kashk<br \/>Eggplant, Mint, Kashk<\/p><h6 class=\"p1\"><b>Muhammara Mussels 15<\/b><\/h6><p class=\"p1\">Bell pepper, Aleppo chili, Walnuts <br \/>Bell pepper, Aleppo chili, Walnuts<br \/>Vegan option available<\/p><h6 class=\"p1\"><b>Grilled Prawns 18<\/b><\/h6><p class=\"p1\">Barberries, Brown Butter, Dill<br \/>Happomarjaa, Ruskistettua Voita, Tilli\u00e4<\/p><h6 class=\"p1\"><b>Tuna Rishta 15<\/b><\/h6><p class=\"p1\">Kashk, Fingerlime, Dill<br \/>Kashkia, Fingerlim\u00e4, Tilli\u00e4<\/p><h6 class=\"p1\"><b>Seabream Nayyeh 16<\/b><\/h6><p class=\"p1\">Daqoos Water, Pickled Grapes, Sumac<br \/>Daqoos-lient\u00e4, Marinoituja Ryp\u00e4leit\u00e4, Sumakkia<\/p><h6 class=\"p1\"><b>Borani 13<\/b><\/h6><p class=\"p1\">Fava Beans, Smoked Roe, Apple<br \/>H\u00e4rk\u00e4papuja, Savustettua M\u00e4ti\u00e4, Omenaa<br \/>Vegan option available<\/p>\t\t\t\t\t\t\t\t<\/div>\n\t\t\t\t<\/div>\n\t\t\t\t<\/div>\n\t\t\t\t\t<\/div>\n\t\t\t\t<\/div>\n\t\t<div class=\"elementor-element elementor-element-1acb49e e-flex e-con-boxed e-con e-parent\" data-id=\"1acb49e\" data-element_type=\"container\" data-e-type=\"container\" data-settings=\"{&quot;background_background&quot;:&quot;classic&quot;}\">\n\t\t\t\t\t<div class=\"e-con-inner\">\n\t\t<div class=\"elementor-element elementor-element-2f32055 e-con-full e-flex e-con e-child\" data-id=\"2f32055\" data-element_type=\"container\" data-e-type=\"container\">\n\t\t\t\t<\/div>\n\t\t<div class=\"elementor-element elementor-element-f1b5e58 e-con-full e-flex e-con e-child\" data-id=\"f1b5e58\" data-element_type=\"container\" data-e-type=\"container\">\n\t\t\t\t<div class=\"elementor-element elementor-element-63b4c77 elementor-widget elementor-widget-heading\" data-id=\"63b4c77\" data-element_type=\"widget\" data-e-type=\"widget\" data-widget_type=\"heading.default\">\n\t\t\t\t<div class=\"elementor-widget-container\">\n\t\t\t\t\t<h2 class=\"elementor-heading-title elementor-size-default\">Not-so-small plates<\/h2>\t\t\t\t<\/div>\n\t\t\t\t<\/div>\n\t\t\t\t<div class=\"elementor-element elementor-element-c81832b elementor-widget elementor-widget-text-editor\" data-id=\"c81832b\" data-element_type=\"widget\" data-e-type=\"widget\" data-widget_type=\"text-editor.default\">\n\t\t\t\t<div class=\"elementor-widget-container\">\n\t\t\t\t\t\t\t\t\t<h6 class=\"p1\"><b>Joojeh Mushroom 22<\/b><\/h6><p class=\"p1\">Oyster Mushroom, Roasted Tomato, Spring Onion<br \/>Oyster Mushroom, Roasted Tomato, Spring Onion<br \/>V<span style=\"font-size: 16px;\">egan<\/span><\/p><h6 class=\"p1\"><b>Fish Sabzi For 1-2 person 39<\/b><\/h6><p class=\"p1\">Grilled Whole Seabass, Herbs, Lemon<br \/>Kokonainen Grillattu Meribassi, Yrttej\u00e4, Sitruunaa<\/p><h6 class=\"p1\"><b>Kufte 25<\/b><\/h6><p class=\"p1\">Ground Beef &amp; Lamb, Herbs, Pistachio<br \/>Ground Beef &amp; Lamb, Herbs, Pistachio<\/p><h6 class=\"p1\"><b>Ghorme Sabzi 28<\/b><\/h6><p class=\"p1\">Braised Lamb Shoulder, Herb and Bean Stew, Bone Marrow, Dried Lime<br \/>Haudutettua Lampaanlapaa, Yrtti- ja Papupataa, Luuydint\u00e4, Kuivattua Lime\u00e4<br \/>Vegan option available<\/p><h6 class=\"p1\"><b>Duck Fesenjan 32<\/b><\/h6><p class=\"p1\">Walnut, Pomegranate, Apricot<br \/>Saksanp\u00e4hkin\u00e4\u00e4, Granaattiomenaa, Aprikoosia<\/p><h6 class=\"p1\"><b>Baby Lamb Racks 38<\/b><\/h6><p class=\"p1\">Cumin Labneh, Preserved Lemon, Herbs<br \/>Kumina Labnehia, S\u00e4il\u00f6tty\u00e4 Sitruunaa, Yrttej\u00e4<\/p><h6 class=\"p1\"><b>Chenjeh 29\/57<\/b><\/h6><p class=\"p1\">Black Angus 160g \/ Wagyu 140g, Herbs, Flatbread<br \/>Black Angus 160g \/ Wagyu 140g, Yrttej\u00e4, Flatbread<\/p>\t\t\t\t\t\t\t\t<\/div>\n\t\t\t\t<\/div>\n\t\t\t\t<\/div>\n\t\t\t\t\t<\/div>\n\t\t\t\t<\/div>\n\t\t<div class=\"elementor-element elementor-element-041ea28 e-flex e-con-boxed e-con e-parent\" data-id=\"041ea28\" data-element_type=\"container\" data-e-type=\"container\" data-settings=\"{&quot;background_background&quot;:&quot;classic&quot;}\">\n\t\t\t\t\t<div class=\"e-con-inner\">\n\t\t<div class=\"elementor-element elementor-element-417ac96 e-con-full e-flex e-con e-child\" data-id=\"417ac96\" data-element_type=\"container\" data-e-type=\"container\">\n\t\t\t\t<\/div>\n\t\t<div class=\"elementor-element elementor-element-c91a231 e-con-full e-flex e-con e-child\" data-id=\"c91a231\" data-element_type=\"container\" data-e-type=\"container\">\n\t\t\t\t<div class=\"elementor-element elementor-element-ece6d2c elementor-widget elementor-widget-heading\" data-id=\"ece6d2c\" data-element_type=\"widget\" data-e-type=\"widget\" data-widget_type=\"heading.default\">\n\t\t\t\t<div class=\"elementor-widget-container\">\n\t\t\t\t\t<h2 class=\"elementor-heading-title elementor-size-default\">Sides<\/h2>\t\t\t\t<\/div>\n\t\t\t\t<\/div>\n\t\t\t\t<div class=\"elementor-element elementor-element-640e6a8 elementor-widget elementor-widget-text-editor\" data-id=\"640e6a8\" data-element_type=\"widget\" data-e-type=\"widget\" data-widget_type=\"text-editor.default\">\n\t\t\t\t<div class=\"elementor-widget-container\">\n\t\t\t\t\t\t\t\t\t<h6 class=\"p1\"><b>Tahdig Golden Rice 7<\/b><\/h6><p class=\"p1\">Crispy Saffron Rice, Sour Cherry, Almond<br \/>Crispy Saffron Rice, Sour Cherry, Almond<br \/>Vegan<\/p><h6 class=\"p1\"><b>Zereshk Polo 6<\/b><\/h6><p class=\"p1\">Basmati Rice, Barberry, Pistachio<br \/>Basmatiriisi\u00e4, Happomarjaa, Pistaasia<br \/>Vegan<\/p><h6 class=\"p1\"><b>Salad Shirazi 5<\/b><\/h6><p class=\"p1\">Tomato, Cucumber, Mint<br \/>Tomaattia, Kurkkua, Minttua<br \/>Vegan<\/p><h6 class=\"p1\"><b>Charred Tomato 4<\/b><\/h6><p class=\"p1\">Tomato Skewer, Saffron<br \/>Tomaattivarras, Sahrami<br \/>Vegan<\/p>\t\t\t\t\t\t\t\t<\/div>\n\t\t\t\t<\/div>\n\t\t\t\t<\/div>\n\t\t\t\t\t<\/div>\n\t\t\t\t<\/div>\n\t\t<div class=\"elementor-element elementor-element-5dc2a4e e-flex e-con-boxed e-con e-parent\" data-id=\"5dc2a4e\" data-element_type=\"container\" data-e-type=\"container\" data-settings=\"{&quot;background_background&quot;:&quot;classic&quot;}\">\n\t\t\t\t\t<div class=\"e-con-inner\">\n\t\t<div class=\"elementor-element elementor-element-4df60d5 e-con-full e-flex e-con e-child\" data-id=\"4df60d5\" data-element_type=\"container\" data-e-type=\"container\">\n\t\t\t\t<\/div>\n\t\t<div class=\"elementor-element elementor-element-73c34cc e-con-full e-flex e-con e-child\" data-id=\"73c34cc\" data-element_type=\"container\" data-e-type=\"container\">\n\t\t\t\t<div class=\"elementor-element elementor-element-0e87666 elementor-widget elementor-widget-heading\" data-id=\"0e87666\" data-element_type=\"widget\" data-e-type=\"widget\" data-widget_type=\"heading.default\">\n\t\t\t\t<div class=\"elementor-widget-container\">\n\t\t\t\t\t<h2 class=\"elementor-heading-title elementor-size-default\">Sweet plates<\/h2>\t\t\t\t<\/div>\n\t\t\t\t<\/div>\n\t\t\t\t<div class=\"elementor-element elementor-element-3ab4ec8 elementor-widget elementor-widget-text-editor\" data-id=\"3ab4ec8\" data-element_type=\"widget\" data-e-type=\"widget\" data-widget_type=\"text-editor.default\">\n\t\t\t\t<div class=\"elementor-widget-container\">\n\t\t\t\t\t\t\t\t\t<h6 class=\"p1\"><b>Bastani Sonnati 12<\/b><\/h6><p class=\"p1\">Saffron Ice Cream, Cracked cream, Pistachio butter<br \/>Sahramij\u00e4\u00e4tel\u00f6\u00e4, J\u00e4\u00e4dytetty\u00e4 Kermaa, Pistaasia<\/p><h6 class=\"p1\"><b>Chocolate Tahini 10<\/b><\/h6><p class=\"p1\">Cremeux, Sesame, Blood orange<br \/>Suklaacremeux, Seesamia, Veriappelsiinia<br \/>Vegan option available<\/p><h6 class=\"p1\"><b>Kashk Bastani 10<\/b><\/h6><p class=\"p1\">Fermented Yogurt Ice Cream, Apricot<br \/>Fermentoitua Jogurttij\u00e4\u00e4tel\u00f6\u00e4, Aprikoosia<\/p><h6 class=\"p1\"><b>Napoleoni 10<\/b><\/h6><p class=\"p1\">White chocolate, Rose, Pistachio<br \/>Valkosuklaata, Ruusua, Pistaasia<\/p>\t\t\t\t\t\t\t\t<\/div>\n\t\t\t\t<\/div>\n\t\t\t\t<\/div>\n\t\t\t\t\t<\/div>\n\t\t\t\t<\/div>\n\t\t<div class=\"elementor-element elementor-element-9fe3fec e-flex e-con-boxed e-con e-parent\" data-id=\"9fe3fec\" data-element_type=\"container\" data-e-type=\"container\" data-settings=\"{&quot;background_background&quot;:&quot;classic&quot;}\">\n\t\t\t\t\t<div class=\"e-con-inner\">\n\t\t<div class=\"elementor-element elementor-element-e6ac363 e-con-full e-flex e-con e-child\" data-id=\"e6ac363\" data-element_type=\"container\" data-e-type=\"container\">\n\t\t\t\t<div class=\"elementor-element elementor-element-4099d17 elementor-widget elementor-widget-button\" data-id=\"4099d17\" data-element_type=\"widget\" data-e-type=\"widget\" data-widget_type=\"button.default\">\n\t\t\t\t<div class=\"elementor-widget-container\">\n\t\t\t\t\t\t\t\t\t<div class=\"elementor-button-wrapper\">\n\t\t\t\t\t<a class=\"elementor-button elementor-button-link elementor-size-sm\" href=\"https:\/\/book.dinnerbooking.com\/fi\/fi-FI\/book\/index\/4197\/2\">\n\t\t\t\t\t\t<span class=\"elementor-button-content-wrapper\">\n\t\t\t\t\t\t\t\t\t<span class=\"elementor-button-text\">Book a table<\/span>\n\t\t\t\t\t<\/span>\n\t\t\t\t\t<\/a>\n\t\t\t\t<\/div>\n\t\t\t\t\t\t\t\t<\/div>\n\t\t\t\t<\/div>\n\t\t\t\t<\/div>\n\t\t<div class=\"elementor-element elementor-element-7361941 e-con-full e-flex e-con e-child\" data-id=\"7361941\" data-element_type=\"container\" data-e-type=\"container\">\n\t\t\t\t<div class=\"elementor-element elementor-element-5b96ed9 elementor-widget elementor-widget-heading\" data-id=\"5b96ed9\" data-element_type=\"widget\" data-e-type=\"widget\" data-widget_type=\"heading.default\">\n\t\t\t\t<div class=\"elementor-widget-container\">\n\t\t\t\t\t<h2 class=\"elementor-heading-title elementor-size-default\">Heritage Menu<\/h2>\t\t\t\t<\/div>\n\t\t\t\t<\/div>\n\t\t\t\t<div class=\"elementor-element elementor-element-2e512c0 elementor-widget elementor-widget-text-editor\" data-id=\"2e512c0\" data-element_type=\"widget\" data-e-type=\"widget\" data-widget_type=\"text-editor.default\">\n\t\t\t\t<div class=\"elementor-widget-container\">\n\t\t\t\t\t\t\t\t\t<h6 class=\"p1\">79\u20ac<\/h6><p class=\"p1\">9 plates from the region: 3 chef&#8217;s snacks, 3 small plates to share, 1 not-so-small plate and side, 1 sweet plate<\/p><p class=\"p1\">9 annosta alueelta: 3 pient\u00e4 alkupalaa, 3 jaettavaa annosta, 1 p\u00e4\u00e4ruoka ja lisuke, yksi j\u00e4lkiruoka<\/p>\t\t\t\t\t\t\t\t<\/div>\n\t\t\t\t<\/div>\n\t\t\t\t<\/div>\n\t\t\t\t\t<\/div>\n\t\t\t\t<\/div>\n\t\t\t\t<\/div>","protected":false},"excerpt":{"rendered":"<p>Menu Cocktailit Chef&#8217;s snacks Hummustartlet 5 Chickpeas, Tatbila, Pine NutsKikherneit\u00e4, Tatbilaa, Pinjansiemeni\u00e4Vegan option available Lamb Sambouseh 5 Filo pastry, Savoy cabbage, Pickled raisinsFilotaikinaa, Savoijinkaalia, Pikkel\u00f6ityj\u00e4 RusinoitaVegan option available Zeytoon Parvardeh 5 Olives, Pomegranate, WalnutsOliivia, Granaattiomenaa, Saksanp\u00e4hkin\u00e4\u00e4 Vegan Oyster Shekampor 7 Sour Orange, Walnuts, BarberriesHapanappelsiinia, Saksanp\u00e4hkin\u00e4\u00e4, Happomarjaa Kibbeh Nayyeh 6 Raw Beef, Pomegranate, Black GarlicRaakaa H\u00e4rk\u00e4\u00e4, [&hellip;]<\/p>\n","protected":false},"author":1,"featured_media":0,"parent":0,"menu_order":0,"comment_status":"closed","ping_status":"closed","template":"","meta":{"site-sidebar-layout":"no-sidebar","site-content-layout":"page-builder","ast-site-content-layout":"full-width-container","site-content-style":"unboxed","site-sidebar-style":"unboxed","ast-global-header-display":"","ast-banner-title-visibility":"","ast-main-header-display":"","ast-hfb-above-header-display":"","ast-hfb-below-header-display":"","ast-hfb-mobile-header-display":"","site-post-title":"disabled","ast-breadcrumbs-content":"","ast-featured-img":"disabled","footer-sml-layout":"","ast-disable-related-posts":"","theme-transparent-header-meta":"","adv-header-id-meta":"","stick-header-meta":"","header-above-stick-meta":"","header-main-stick-meta":"","header-below-stick-meta":"","astra-migrate-meta-layouts":"set","ast-page-background-enabled":"default","ast-page-background-meta":{"desktop":{"background-color":"","background-image":"","background-repeat":"repeat","background-position":"center center","background-size":"auto","background-attachment":"scroll","background-type":"","background-media":"","overlay-type":"","overlay-color":"","overlay-opacity":"","overlay-gradient":""},"tablet":{"background-color":"","background-image":"","background-repeat":"repeat","background-position":"center center","background-size":"auto","background-attachment":"scroll","background-type":"","background-media":"","overlay-type":"","overlay-color":"","overlay-opacity":"","overlay-gradient":""},"mobile":{"background-color":"","background-image":"","background-repeat":"repeat","background-position":"center center","background-size":"auto","background-attachment":"scroll","background-type":"","background-media":"","overlay-type":"","overlay-color":"","overlay-opacity":"","overlay-gradient":""}},"ast-content-background-meta":{"desktop":{"background-color":"var(--ast-global-color-5)","background-image":"","background-repeat":"repeat","background-position":"center center","background-size":"auto","background-attachment":"scroll","background-type":"","background-media":"","overlay-type":"","overlay-color":"","overlay-opacity":"","overlay-gradient":""},"tablet":{"background-color":"var(--ast-global-color-5)","background-image":"","background-repeat":"repeat","background-position":"center center","background-size":"auto","background-attachment":"scroll","background-type":"","background-media":"","overlay-type":"","overlay-color":"","overlay-opacity":"","overlay-gradient":""},"mobile":{"background-color":"var(--ast-global-color-5)","background-image":"","background-repeat":"repeat","background-position":"center center","background-size":"auto","background-attachment":"scroll","background-type":"","background-media":"","overlay-type":"","overlay-color":"","overlay-opacity":"","overlay-gradient":""}},"footnotes":""},"class_list":["post-486","page","type-page","status-publish","hentry"],"_links":{"self":[{"href":"https:\/\/nefernefernefer.fi\/en\/wp-json\/wp\/v2\/pages\/486","targetHints":{"allow":["GET"]}}],"collection":[{"href":"https:\/\/nefernefernefer.fi\/en\/wp-json\/wp\/v2\/pages"}],"about":[{"href":"https:\/\/nefernefernefer.fi\/en\/wp-json\/wp\/v2\/types\/page"}],"author":[{"embeddable":true,"href":"https:\/\/nefernefernefer.fi\/en\/wp-json\/wp\/v2\/users\/1"}],"replies":[{"embeddable":true,"href":"https:\/\/nefernefernefer.fi\/en\/wp-json\/wp\/v2\/comments?post=486"}],"version-history":[{"count":149,"href":"https:\/\/nefernefernefer.fi\/en\/wp-json\/wp\/v2\/pages\/486\/revisions"}],"predecessor-version":[{"id":1372,"href":"https:\/\/nefernefernefer.fi\/en\/wp-json\/wp\/v2\/pages\/486\/revisions\/1372"}],"wp:attachment":[{"href":"https:\/\/nefernefernefer.fi\/en\/wp-json\/wp\/v2\/media?parent=486"}],"curies":[{"name":"wp","href":"https:\/\/api.w.org\/{rel}","templated":true}]}}