{"id":59,"date":"2025-10-12T13:07:22","date_gmt":"2025-10-12T13:07:22","guid":{"rendered":"https:\/\/nefernefernefer.fi\/home\/"},"modified":"2026-04-11T10:23:50","modified_gmt":"2026-04-11T10:23:50","slug":"home","status":"publish","type":"page","link":"https:\/\/nefernefernefer.fi\/en\/","title":{"rendered":"Home"},"content":{"rendered":"<div data-elementor-type=\"wp-page\" data-elementor-id=\"59\" class=\"elementor elementor-59\">\n\t\t\t\t<div class=\"elementor-element elementor-element-57fa8bb e-flex e-con-boxed e-con e-parent\" data-id=\"57fa8bb\" data-element_type=\"container\" data-e-type=\"container\" data-settings=\"{&quot;background_background&quot;:&quot;classic&quot;}\">\n\t\t\t\t\t<div class=\"e-con-inner\">\n\t\t<div class=\"elementor-element elementor-element-d902633 e-grid e-con-boxed e-con e-child\" data-id=\"d902633\" data-element_type=\"container\" data-e-type=\"container\">\n\t\t\t\t\t<div class=\"e-con-inner\">\n\t\t\t\t<div class=\"elementor-element elementor-element-53f1e9e elementor-widget elementor-widget-spacer\" data-id=\"53f1e9e\" data-element_type=\"widget\" data-e-type=\"widget\" data-widget_type=\"spacer.default\">\n\t\t\t\t<div class=\"elementor-widget-container\">\n\t\t\t\t\t\t\t<div class=\"elementor-spacer\">\n\t\t\t<div class=\"elementor-spacer-inner\"><\/div>\n\t\t<\/div>\n\t\t\t\t\t\t<\/div>\n\t\t\t\t<\/div>\n\t\t\t\t<div class=\"elementor-element elementor-element-f22fdfe elementor-widget elementor-widget-image\" data-id=\"f22fdfe\" data-element_type=\"widget\" data-e-type=\"widget\" data-widget_type=\"image.default\">\n\t\t\t\t<div class=\"elementor-widget-container\">\n\t\t\t\t\t\t\t\t\t\t\t\t\t\t\t<img fetchpriority=\"high\" decoding=\"async\" width=\"821\" height=\"504\" src=\"https:\/\/nefernefernefer.fi\/wp-content\/uploads\/2025\/10\/Asset-1.png\" class=\"attachment-large size-large wp-image-658\" alt=\"\" srcset=\"https:\/\/nefernefernefer.fi\/wp-content\/uploads\/2025\/10\/Asset-1.png 821w, https:\/\/nefernefernefer.fi\/wp-content\/uploads\/2025\/10\/Asset-1-300x184.png 300w, https:\/\/nefernefernefer.fi\/wp-content\/uploads\/2025\/10\/Asset-1-768x471.png 768w\" sizes=\"(max-width: 821px) 100vw, 821px\" \/>\t\t\t\t\t\t\t\t\t\t\t\t\t\t\t<\/div>\n\t\t\t\t<\/div>\n\t\t\t\t<div class=\"elementor-element elementor-element-de79314 elementor-widget elementor-widget-spacer\" data-id=\"de79314\" data-element_type=\"widget\" data-e-type=\"widget\" data-widget_type=\"spacer.default\">\n\t\t\t\t<div class=\"elementor-widget-container\">\n\t\t\t\t\t\t\t<div class=\"elementor-spacer\">\n\t\t\t<div class=\"elementor-spacer-inner\"><\/div>\n\t\t<\/div>\n\t\t\t\t\t\t<\/div>\n\t\t\t\t<\/div>\n\t\t\t\t<div class=\"elementor-element elementor-element-45a0603 elementor-widget elementor-widget-spacer\" data-id=\"45a0603\" data-element_type=\"widget\" data-e-type=\"widget\" data-widget_type=\"spacer.default\">\n\t\t\t\t<div class=\"elementor-widget-container\">\n\t\t\t\t\t\t\t<div class=\"elementor-spacer\">\n\t\t\t<div class=\"elementor-spacer-inner\"><\/div>\n\t\t<\/div>\n\t\t\t\t\t\t<\/div>\n\t\t\t\t<\/div>\n\t\t\t\t<div class=\"elementor-element elementor-element-3c942fb elementor-widget elementor-widget-spacer\" data-id=\"3c942fb\" data-element_type=\"widget\" data-e-type=\"widget\" data-widget_type=\"spacer.default\">\n\t\t\t\t<div class=\"elementor-widget-container\">\n\t\t\t\t\t\t\t<div class=\"elementor-spacer\">\n\t\t\t<div class=\"elementor-spacer-inner\"><\/div>\n\t\t<\/div>\n\t\t\t\t\t\t<\/div>\n\t\t\t\t<\/div>\n\t\t\t\t<div class=\"elementor-element elementor-element-5e9ffdb elementor-widget elementor-widget-spacer\" data-id=\"5e9ffdb\" data-element_type=\"widget\" data-e-type=\"widget\" data-widget_type=\"spacer.default\">\n\t\t\t\t<div class=\"elementor-widget-container\">\n\t\t\t\t\t\t\t<div class=\"elementor-spacer\">\n\t\t\t<div class=\"elementor-spacer-inner\"><\/div>\n\t\t<\/div>\n\t\t\t\t\t\t<\/div>\n\t\t\t\t<\/div>\n\t\t\t\t<div class=\"elementor-element elementor-element-f5d7529 elementor-widget elementor-widget-spacer\" data-id=\"f5d7529\" data-element_type=\"widget\" data-e-type=\"widget\" data-widget_type=\"spacer.default\">\n\t\t\t\t<div class=\"elementor-widget-container\">\n\t\t\t\t\t\t\t<div class=\"elementor-spacer\">\n\t\t\t<div class=\"elementor-spacer-inner\"><\/div>\n\t\t<\/div>\n\t\t\t\t\t\t<\/div>\n\t\t\t\t<\/div>\n\t\t\t\t<div class=\"elementor-element elementor-element-8464db3 elementor-align-center elementor-widget elementor-widget-button\" data-id=\"8464db3\" data-element_type=\"widget\" data-e-type=\"widget\" data-widget_type=\"button.default\">\n\t\t\t\t<div class=\"elementor-widget-container\">\n\t\t\t\t\t\t\t\t\t<div class=\"elementor-button-wrapper\">\n\t\t\t\t\t<a class=\"elementor-button elementor-button-link elementor-size-sm\" href=\"https:\/\/book.dinnerbooking.com\/fi\/fi-FI\/book\/index\/4197\/2\">\n\t\t\t\t\t\t<span class=\"elementor-button-content-wrapper\">\n\t\t\t\t\t\t\t\t\t<span class=\"elementor-button-text\">Book a table<\/span>\n\t\t\t\t\t<\/span>\n\t\t\t\t\t<\/a>\n\t\t\t\t<\/div>\n\t\t\t\t\t\t\t\t<\/div>\n\t\t\t\t<\/div>\n\t\t\t\t\t<\/div>\n\t\t\t\t<\/div>\n\t\t\t\t\t<\/div>\n\t\t\t\t<\/div>\n\t\t\t\t<section class=\"elementor-section elementor-top-section elementor-element elementor-element-30a5e28 elementor-section-full_width elementor-section-content-middle elementor-reverse-mobile elementor-section-height-default elementor-section-height-default\" data-id=\"30a5e28\" data-element_type=\"section\" data-e-type=\"section\" data-settings=\"{&quot;background_background&quot;:&quot;classic&quot;}\">\n\t\t\t\t\t\t<div class=\"elementor-container elementor-column-gap-no\">\n\t\t\t\t\t<div class=\"elementor-column elementor-col-50 elementor-top-column elementor-element elementor-element-b5eb2f7\" data-id=\"b5eb2f7\" data-element_type=\"column\" data-e-type=\"column\">\n\t\t\t<div class=\"elementor-widget-wrap elementor-element-populated\">\n\t\t\t\t\t\t<div class=\"elementor-element elementor-element-cd75a29 elementor-widget elementor-widget-image\" data-id=\"cd75a29\" data-element_type=\"widget\" data-e-type=\"widget\" data-widget_type=\"image.default\">\n\t\t\t\t<div class=\"elementor-widget-container\">\n\t\t\t\t\t\t\t\t\t\t\t\t\t\t\t<img decoding=\"async\" width=\"1536\" height=\"2048\" src=\"https:\/\/nefernefernefer.fi\/wp-content\/uploads\/2026\/04\/DSCF3703-color.jpg\" class=\"attachment-full size-full wp-image-1374\" alt=\"\" srcset=\"https:\/\/nefernefernefer.fi\/wp-content\/uploads\/2026\/04\/DSCF3703-color.jpg 1536w, https:\/\/nefernefernefer.fi\/wp-content\/uploads\/2026\/04\/DSCF3703-color-225x300.jpg 225w, https:\/\/nefernefernefer.fi\/wp-content\/uploads\/2026\/04\/DSCF3703-color-768x1024.jpg 768w, https:\/\/nefernefernefer.fi\/wp-content\/uploads\/2026\/04\/DSCF3703-color-1152x1536.jpg 1152w, https:\/\/nefernefernefer.fi\/wp-content\/uploads\/2026\/04\/DSCF3703-color-9x12.jpg 9w\" sizes=\"(max-width: 1536px) 100vw, 1536px\" \/>\t\t\t\t\t\t\t\t\t\t\t\t\t\t\t<\/div>\n\t\t\t\t<\/div>\n\t\t\t\t\t<\/div>\n\t\t<\/div>\n\t\t\t\t<div class=\"elementor-column elementor-col-50 elementor-top-column elementor-element elementor-element-bd457f8\" data-id=\"bd457f8\" data-element_type=\"column\" data-e-type=\"column\">\n\t\t\t<div class=\"elementor-widget-wrap elementor-element-populated\">\n\t\t\t\t\t\t<div class=\"elementor-element elementor-element-7a40621 elementor-widget elementor-widget-heading\" data-id=\"7a40621\" data-element_type=\"widget\" data-e-type=\"widget\" data-widget_type=\"heading.default\">\n\t\t\t\t<div class=\"elementor-widget-container\">\n\t\t\t\t\t<h3 class=\"elementor-heading-title elementor-size-default\">May Day menu 1.5.<\/h3>\t\t\t\t<\/div>\n\t\t\t\t<\/div>\n\t\t\t\t<div class=\"elementor-element elementor-element-1e367bb elementor-widget elementor-widget-text-editor\" data-id=\"1e367bb\" data-element_type=\"widget\" data-e-type=\"widget\" data-widget_type=\"text-editor.default\">\n\t\t\t\t<div class=\"elementor-widget-container\">\n\t\t\t\t\t\t\t\t\t<p>Muhammara Mussels<br \/>Bell pepper, Aleppo chili, Walnuts<br \/>Kashkeh Bademjan<br \/>Eggplant, Mint, Kashk<\/p><p>Kufte<br \/>Ground Beef &amp; Lamb, Herbs, Pistachio<br \/>OR<br \/>Joojeh Mushroom<br \/>Oyster Mushroom, Roasted Tomato, Spring Onion<\/p><p>Tahdig Golden Rice<br \/>Crispy Saffron Rice, Sour Cherry, Almond<\/p><p>Saffron Doughnut<\/p><p>55\u20ac<\/p><p>Add on 2 Chef's snacks<br \/>+10 \u20ac<\/p>\t\t\t\t\t\t\t\t<\/div>\n\t\t\t\t<\/div>\n\t\t\t\t<div class=\"elementor-element elementor-element-153b40e elementor-align-center elementor-widget elementor-widget-button\" data-id=\"153b40e\" data-element_type=\"widget\" data-e-type=\"widget\" data-widget_type=\"button.default\">\n\t\t\t\t<div class=\"elementor-widget-container\">\n\t\t\t\t\t\t\t\t\t<div class=\"elementor-button-wrapper\">\n\t\t\t\t\t<a class=\"elementor-button elementor-button-link elementor-size-sm\" href=\"https:\/\/book.dinnerbooking.com\/fi\/fi-FI\/book\/index\/4197\/2\">\n\t\t\t\t\t\t<span class=\"elementor-button-content-wrapper\">\n\t\t\t\t\t\t\t\t\t<span class=\"elementor-button-text\">Book a table<\/span>\n\t\t\t\t\t<\/span>\n\t\t\t\t\t<\/a>\n\t\t\t\t<\/div>\n\t\t\t\t\t\t\t\t<\/div>\n\t\t\t\t<\/div>\n\t\t\t\t\t<\/div>\n\t\t<\/div>\n\t\t\t\t\t<\/div>\n\t\t<\/section>\n\t\t\t\t<section class=\"elementor-section elementor-top-section elementor-element elementor-element-376bd6c elementor-section-full_width elementor-section-content-middle elementor-section-height-default elementor-section-height-default\" data-id=\"376bd6c\" data-element_type=\"section\" data-e-type=\"section\" data-settings=\"{&quot;background_background&quot;:&quot;classic&quot;}\">\n\t\t\t\t\t\t<div class=\"elementor-container elementor-column-gap-no\">\n\t\t\t\t\t<div class=\"elementor-column elementor-col-66 elementor-top-column elementor-element elementor-element-073ebe2\" data-id=\"073ebe2\" data-element_type=\"column\" data-e-type=\"column\">\n\t\t\t<div class=\"elementor-widget-wrap elementor-element-populated\">\n\t\t\t\t\t\t<div class=\"elementor-element elementor-element-e6fc65f elementor-widget elementor-widget-heading\" data-id=\"e6fc65f\" data-element_type=\"widget\" data-e-type=\"widget\" data-widget_type=\"heading.default\">\n\t\t\t\t<div class=\"elementor-widget-container\">\n\t\t\t\t\t<h3 class=\"elementor-heading-title elementor-size-default\">Nefer, Nefer, Nefer.\n<\/h3>\t\t\t\t<\/div>\n\t\t\t\t<\/div>\n\t\t\t\t<div class=\"elementor-element elementor-element-4370bfb elementor-widget elementor-widget-text-editor\" data-id=\"4370bfb\" data-element_type=\"widget\" data-e-type=\"widget\" data-widget_type=\"text-editor.default\">\n\t\t\t\t<div class=\"elementor-widget-container\">\n\t\t\t\t\t\t\t\t\t<p class=\"p1\">In Egypt, it means beauty.<br \/>In Persia, it stands for human being.\u00a0<br \/>In the Levant, they intertwine.<\/p><p class=\"p1\">Nefer smells of spice.<br \/>Nefer sparks conversation.<br \/>Nefer invites you to a shared table.<\/p><p class=\"p1\">Nefer beats in rhythm.<br \/>Nefer pours light and warmth into the glass.<br \/>Nefer hums, inviting you closer.<\/p>\t\t\t\t\t\t\t\t<\/div>\n\t\t\t\t<\/div>\n\t\t\t\t<div class=\"elementor-element elementor-element-d9c1b0f elementor-align-right elementor-widget elementor-widget-button\" data-id=\"d9c1b0f\" data-element_type=\"widget\" data-e-type=\"widget\" data-widget_type=\"button.default\">\n\t\t\t\t<div class=\"elementor-widget-container\">\n\t\t\t\t\t\t\t\t\t<div class=\"elementor-button-wrapper\">\n\t\t\t\t\t<a class=\"elementor-button elementor-button-link elementor-size-sm\" href=\"https:\/\/nefernefernefer.fi\/en\/menu\/\">\n\t\t\t\t\t\t<span class=\"elementor-button-content-wrapper\">\n\t\t\t\t\t\t\t\t\t<span class=\"elementor-button-text\">Menu<\/span>\n\t\t\t\t\t<\/span>\n\t\t\t\t\t<\/a>\n\t\t\t\t<\/div>\n\t\t\t\t\t\t\t\t<\/div>\n\t\t\t\t<\/div>\n\t\t\t\t\t<\/div>\n\t\t<\/div>\n\t\t\t\t<div class=\"elementor-column elementor-col-33 elementor-top-column elementor-element elementor-element-2ae304e\" data-id=\"2ae304e\" data-element_type=\"column\" data-e-type=\"column\">\n\t\t\t<div class=\"elementor-widget-wrap elementor-element-populated\">\n\t\t\t\t\t\t<div class=\"elementor-element elementor-element-4e165df elementor-widget elementor-widget-image\" data-id=\"4e165df\" data-element_type=\"widget\" data-e-type=\"widget\" data-widget_type=\"image.default\">\n\t\t\t\t<div class=\"elementor-widget-container\">\n\t\t\t\t\t\t\t\t\t\t\t\t\t\t\t<img decoding=\"async\" width=\"1365\" height=\"2048\" src=\"https:\/\/nefernefernefer.fi\/wp-content\/uploads\/2025\/11\/DSCF1891.jpg\" class=\"attachment-full size-full wp-image-909\" alt=\"\" srcset=\"https:\/\/nefernefernefer.fi\/wp-content\/uploads\/2025\/11\/DSCF1891.jpg 1365w, https:\/\/nefernefernefer.fi\/wp-content\/uploads\/2025\/11\/DSCF1891-200x300.jpg 200w, https:\/\/nefernefernefer.fi\/wp-content\/uploads\/2025\/11\/DSCF1891-683x1024.jpg 683w, https:\/\/nefernefernefer.fi\/wp-content\/uploads\/2025\/11\/DSCF1891-768x1152.jpg 768w, https:\/\/nefernefernefer.fi\/wp-content\/uploads\/2025\/11\/DSCF1891-1024x1536.jpg 1024w, https:\/\/nefernefernefer.fi\/wp-content\/uploads\/2025\/11\/DSCF1891-8x12.jpg 8w\" sizes=\"(max-width: 1365px) 100vw, 1365px\" \/>\t\t\t\t\t\t\t\t\t\t\t\t\t\t\t<\/div>\n\t\t\t\t<\/div>\n\t\t\t\t\t<\/div>\n\t\t<\/div>\n\t\t\t\t\t<\/div>\n\t\t<\/section>\n\t\t\t\t<section class=\"elementor-section elementor-top-section elementor-element elementor-element-dde4dec elementor-section-full_width elementor-section-content-middle elementor-reverse-mobile elementor-section-height-default elementor-section-height-default\" data-id=\"dde4dec\" data-element_type=\"section\" data-e-type=\"section\" data-settings=\"{&quot;background_background&quot;:&quot;classic&quot;}\">\n\t\t\t\t\t\t<div class=\"elementor-container elementor-column-gap-no\">\n\t\t\t\t\t<div class=\"elementor-column elementor-col-50 elementor-top-column elementor-element elementor-element-6f2188a\" data-id=\"6f2188a\" data-element_type=\"column\" data-e-type=\"column\">\n\t\t\t<div class=\"elementor-widget-wrap elementor-element-populated\">\n\t\t\t\t\t\t<div class=\"elementor-element elementor-element-a9348e1 elementor-widget elementor-widget-image\" data-id=\"a9348e1\" data-element_type=\"widget\" data-e-type=\"widget\" data-widget_type=\"image.default\">\n\t\t\t\t<div class=\"elementor-widget-container\">\n\t\t\t\t\t\t\t\t\t\t\t\t\t\t\t<img loading=\"lazy\" decoding=\"async\" width=\"1365\" height=\"2048\" src=\"https:\/\/nefernefernefer.fi\/wp-content\/uploads\/2025\/11\/DSCF2185.jpg\" class=\"attachment-full size-full wp-image-917\" alt=\"\" srcset=\"https:\/\/nefernefernefer.fi\/wp-content\/uploads\/2025\/11\/DSCF2185.jpg 1365w, https:\/\/nefernefernefer.fi\/wp-content\/uploads\/2025\/11\/DSCF2185-200x300.jpg 200w, https:\/\/nefernefernefer.fi\/wp-content\/uploads\/2025\/11\/DSCF2185-683x1024.jpg 683w, https:\/\/nefernefernefer.fi\/wp-content\/uploads\/2025\/11\/DSCF2185-768x1152.jpg 768w, https:\/\/nefernefernefer.fi\/wp-content\/uploads\/2025\/11\/DSCF2185-1024x1536.jpg 1024w, https:\/\/nefernefernefer.fi\/wp-content\/uploads\/2025\/11\/DSCF2185-8x12.jpg 8w\" sizes=\"(max-width: 1365px) 100vw, 1365px\" \/>\t\t\t\t\t\t\t\t\t\t\t\t\t\t\t<\/div>\n\t\t\t\t<\/div>\n\t\t\t\t\t<\/div>\n\t\t<\/div>\n\t\t\t\t<div class=\"elementor-column elementor-col-50 elementor-top-column elementor-element elementor-element-a8a1292\" data-id=\"a8a1292\" data-element_type=\"column\" data-e-type=\"column\">\n\t\t\t<div class=\"elementor-widget-wrap elementor-element-populated\">\n\t\t\t\t\t\t<div class=\"elementor-element elementor-element-0ecd6a6 elementor-widget elementor-widget-heading\" data-id=\"0ecd6a6\" data-element_type=\"widget\" data-e-type=\"widget\" data-widget_type=\"heading.default\">\n\t\t\t\t<div class=\"elementor-widget-container\">\n\t\t\t\t\t<h3 class=\"elementor-heading-title elementor-size-default\">Opening hours<\/h3>\t\t\t\t<\/div>\n\t\t\t\t<\/div>\n\t\t\t\t<div class=\"elementor-element elementor-element-617f6bd elementor-widget elementor-widget-text-editor\" data-id=\"617f6bd\" data-element_type=\"widget\" data-e-type=\"widget\" data-widget_type=\"text-editor.default\">\n\t\t\t\t<div class=\"elementor-widget-container\">\n\t\t\t\t\t\t\t\t\t<p class=\"p1\">Mon-Tue 17-22<\/p><p>Wed-Sat 17-00<\/p>\t\t\t\t\t\t\t\t<\/div>\n\t\t\t\t<\/div>\n\t\t\t\t<div class=\"elementor-element elementor-element-307a2bc elementor-widget elementor-widget-button\" data-id=\"307a2bc\" data-element_type=\"widget\" data-e-type=\"widget\" data-widget_type=\"button.default\">\n\t\t\t\t<div class=\"elementor-widget-container\">\n\t\t\t\t\t\t\t\t\t<div class=\"elementor-button-wrapper\">\n\t\t\t\t\t<a class=\"elementor-button elementor-button-link elementor-size-sm\" href=\"https:\/\/book.dinnerbooking.com\/fi\/fi-FI\/book\/index\/4197\/2\">\n\t\t\t\t\t\t<span class=\"elementor-button-content-wrapper\">\n\t\t\t\t\t\t\t\t\t<span class=\"elementor-button-text\">Book a table<\/span>\n\t\t\t\t\t<\/span>\n\t\t\t\t\t<\/a>\n\t\t\t\t<\/div>\n\t\t\t\t\t\t\t\t<\/div>\n\t\t\t\t<\/div>\n\t\t\t\t\t<\/div>\n\t\t<\/div>\n\t\t\t\t\t<\/div>\n\t\t<\/section>\n\t\t\t\t<\/div>","protected":false},"excerpt":{"rendered":"<p>Varaa p\u00f6yt\u00e4 Vappumenu 1.5. Muhammara MusselsPaprikaa, Aleppo-chili\u00e4, Saksanp\u00e4hkin\u00e4\u00e4Kashkeh BademjanMunakoisoa, Minttua, Kashkia KufteJauhettua Nautaa ja Karitsaa, Yrttej\u00e4, PistaasiaTAIJoojeh MushroomOsterivinokasta, Paahdettua Tomaattia, Kev\u00e4tsipulia Tahdig Golden RiceRapeaa Sahramiriisi\u00e4, Hapankirsikkaa, Mantelia Saffron Doughnut 55\u20ac Lis\u00e4\u00e4 2 Chef\u2019s snacsi\u00e4+10 \u20ac Varaa p\u00f6yt\u00e4 Nefer, Nefer, Nefer. Egyptiss\u00e4 se tarkoittaa kauneutta.Persiassa ihmist\u00e4.Levantissa ne kohtaavat. Nefer tuoksuu mausteilta.Nefer her\u00e4tt\u00e4\u00e4 keskustelun.Nefer kutsuu jaettuun p\u00f6yt\u00e4\u00e4n. [&hellip;]<\/p>\n","protected":false},"author":1,"featured_media":0,"parent":0,"menu_order":0,"comment_status":"closed","ping_status":"closed","template":"","meta":{"site-sidebar-layout":"no-sidebar","site-content-layout":"page-builder","ast-site-content-layout":"default","site-content-style":"default","site-sidebar-style":"default","ast-global-header-display":"","ast-banner-title-visibility":"","ast-main-header-display":"","ast-hfb-above-header-display":"","ast-hfb-below-header-display":"","ast-hfb-mobile-header-display":"","site-post-title":"disabled","ast-breadcrumbs-content":"disabled","ast-featured-img":"disabled","footer-sml-layout":"","ast-disable-related-posts":"","theme-transparent-header-meta":"enabled","adv-header-id-meta":"","stick-header-meta":"","header-above-stick-meta":"","header-main-stick-meta":"","header-below-stick-meta":"","astra-migrate-meta-layouts":"default","ast-page-background-enabled":"default","ast-page-background-meta":{"desktop":{"background-color":"","background-image":"","background-repeat":"repeat","background-position":"center center","background-size":"auto","background-attachment":"scroll","background-type":"","background-media":"","overlay-type":"","overlay-color":"","overlay-opacity":"","overlay-gradient":""},"tablet":{"background-color":"","background-image":"","background-repeat":"repeat","background-position":"center center","background-size":"auto","background-attachment":"scroll","background-type":"","background-media":"","overlay-type":"","overlay-color":"","overlay-opacity":"","overlay-gradient":""},"mobile":{"background-color":"","background-image":"","background-repeat":"repeat","background-position":"center center","background-size":"auto","background-attachment":"scroll","background-type":"","background-media":"","overlay-type":"","overlay-color":"","overlay-opacity":"","overlay-gradient":""}},"ast-content-background-meta":{"desktop":{"background-color":"var(--ast-global-color-5)","background-image":"","background-repeat":"repeat","background-position":"center center","background-size":"auto","background-attachment":"scroll","background-type":"","background-media":"","overlay-type":"","overlay-color":"","overlay-opacity":"","overlay-gradient":""},"tablet":{"background-color":"var(--ast-global-color-5)","background-image":"","background-repeat":"repeat","background-position":"center center","background-size":"auto","background-attachment":"scroll","background-type":"","background-media":"","overlay-type":"","overlay-color":"","overlay-opacity":"","overlay-gradient":""},"mobile":{"background-color":"var(--ast-global-color-5)","background-image":"","background-repeat":"repeat","background-position":"center center","background-size":"auto","background-attachment":"scroll","background-type":"","background-media":"","overlay-type":"","overlay-color":"","overlay-opacity":"","overlay-gradient":""}},"footnotes":""},"class_list":["post-59","page","type-page","status-publish","hentry"],"_links":{"self":[{"href":"https:\/\/nefernefernefer.fi\/en\/wp-json\/wp\/v2\/pages\/59","targetHints":{"allow":["GET"]}}],"collection":[{"href":"https:\/\/nefernefernefer.fi\/en\/wp-json\/wp\/v2\/pages"}],"about":[{"href":"https:\/\/nefernefernefer.fi\/en\/wp-json\/wp\/v2\/types\/page"}],"author":[{"embeddable":true,"href":"https:\/\/nefernefernefer.fi\/en\/wp-json\/wp\/v2\/users\/1"}],"replies":[{"embeddable":true,"href":"https:\/\/nefernefernefer.fi\/en\/wp-json\/wp\/v2\/comments?post=59"}],"version-history":[{"count":177,"href":"https:\/\/nefernefernefer.fi\/en\/wp-json\/wp\/v2\/pages\/59\/revisions"}],"predecessor-version":[{"id":1381,"href":"https:\/\/nefernefernefer.fi\/en\/wp-json\/wp\/v2\/pages\/59\/revisions\/1381"}],"wp:attachment":[{"href":"https:\/\/nefernefernefer.fi\/en\/wp-json\/wp\/v2\/media?parent=59"}],"curies":[{"name":"wp","href":"https:\/\/api.w.org\/{rel}","templated":true}]}}