{"id":956,"date":"2025-11-28T09:27:38","date_gmt":"2025-11-28T09:27:38","guid":{"rendered":"https:\/\/nefernefernefer.fi\/?page_id=956"},"modified":"2026-03-24T12:17:30","modified_gmt":"2026-03-24T12:17:30","slug":"bar","status":"publish","type":"page","link":"https:\/\/nefernefernefer.fi\/en\/bar\/","title":{"rendered":"Cocktails"},"content":{"rendered":"<div data-elementor-type=\"wp-page\" data-elementor-id=\"956\" class=\"elementor elementor-956\">\n\t\t\t\t<div class=\"elementor-element elementor-element-2d60029 e-flex e-con-boxed e-con e-parent\" data-id=\"2d60029\" data-element_type=\"container\" data-e-type=\"container\">\n\t\t\t\t\t<div class=\"e-con-inner\">\n\t\t\t\t<div class=\"elementor-element elementor-element-9312697 elementor-widget elementor-widget-heading\" data-id=\"9312697\" data-element_type=\"widget\" data-e-type=\"widget\" data-widget_type=\"heading.default\">\n\t\t\t\t<div class=\"elementor-widget-container\">\n\t\t\t\t\t<h2 class=\"elementor-heading-title elementor-size-default\">Cocktails\n<\/h2>\t\t\t\t<\/div>\n\t\t\t\t<\/div>\n\t\t\t\t<div class=\"elementor-element elementor-element-a7830a4 elementor-widget elementor-widget-text-editor\" data-id=\"a7830a4\" data-element_type=\"widget\" data-e-type=\"widget\" data-widget_type=\"text-editor.default\">\n\t\t\t\t<div class=\"elementor-widget-container\">\n\t\t\t\t\t\t\t\t\t<p>Alchemy (Arabic: al-kimiyq) was \u201cchemistry\u201d before the periodic table. It was believed that combining the four basic elements (earth, fire, air and water) in certain ratios could produce iron, gold, booze or even life itself.<\/p>\t\t\t\t\t\t\t\t<\/div>\n\t\t\t\t<\/div>\n\t\t\t\t\t<\/div>\n\t\t\t\t<\/div>\n\t\t<div class=\"elementor-element elementor-element-1eb2817 e-grid e-con-boxed e-con e-parent\" data-id=\"1eb2817\" data-element_type=\"container\" data-e-type=\"container\">\n\t\t\t\t\t<div class=\"e-con-inner\">\n\t\t\t\t<div class=\"elementor-element elementor-element-d841564 elementor-widget elementor-widget-heading\" data-id=\"d841564\" data-element_type=\"widget\" data-e-type=\"widget\" data-widget_type=\"heading.default\">\n\t\t\t\t<div class=\"elementor-widget-container\">\n\t\t\t\t\t<h2 class=\"elementor-heading-title elementor-size-default\">Signature Cocktails<\/h2>\t\t\t\t<\/div>\n\t\t\t\t<\/div>\n\t\t\t\t<div class=\"elementor-element elementor-element-65abe71 elementor-widget elementor-widget-text-editor\" data-id=\"65abe71\" data-element_type=\"widget\" data-e-type=\"widget\" data-widget_type=\"text-editor.default\">\n\t\t\t\t<div class=\"elementor-widget-container\">\n\t\t\t\t\t\t\t\t\t<h6 class=\"p1\">Isfahan 2.0 18<\/h6><p class=\"p1\">Brugal 1888, Safari Exotic, Pistachio Orgeat, Lemon, Rose Water, Orange Blossom Watew, Egg W, Bitter, Cheese cake<\/p><h6 class=\"p1\">Pasargad 20<\/h6><p class=\"p1\">Macallan Sherry Oak 12 Yo, Maker\u2019s Mark 46, Merlet Peach, Bitter, Grilled Peach<\/p><h6 class=\"p1\">Young Love 18<\/h6><p class=\"p1\">Kyr\u00f6 Rye Vodka, Luxardo Aperitivo, Ab Ghooreh, Strawberries, Rhubard, Bitter<\/p><h6 class=\"p1\">Black Heart 18<\/h6><p class=\"p1\">No3 London Dry Gin, Merlet Blackberry, Shah Tut, Lemon, Egg White, Bitter, Lavashak<\/p><h6 class=\"p1\">Caspian Breeze 18<\/h6><p class=\"p1\">Takamaka Rum Blanc, Brugal 1888, Mint, Lime, Bitter<\/p><h6 class=\"p1\">Silk Road Nog 20<\/h6><p class=\"p1\">Macallan Sherry Oak 18 yo, Brugal 1888, Alchymist Amaretto, Zalzal\u00e4k, Eggnog, Bitter<\/p>\t\t\t\t\t\t\t\t<\/div>\n\t\t\t\t<\/div>\n\t\t\t\t\t<\/div>\n\t\t\t\t<\/div>\n\t\t<div class=\"elementor-element elementor-element-bc5c634 e-grid e-con-boxed e-con e-parent\" data-id=\"bc5c634\" data-element_type=\"container\" data-e-type=\"container\">\n\t\t\t\t\t<div class=\"e-con-inner\">\n\t\t\t\t<div class=\"elementor-element elementor-element-b879dda elementor-widget elementor-widget-heading\" data-id=\"b879dda\" data-element_type=\"widget\" data-e-type=\"widget\" data-widget_type=\"heading.default\">\n\t\t\t\t<div class=\"elementor-widget-container\">\n\t\t\t\t\t<h2 class=\"elementor-heading-title elementor-size-default\">House Classics<\/h2>\t\t\t\t<\/div>\n\t\t\t\t<\/div>\n\t\t\t\t<div class=\"elementor-element elementor-element-40c7be6 elementor-widget elementor-widget-text-editor\" data-id=\"40c7be6\" data-element_type=\"widget\" data-e-type=\"widget\" data-widget_type=\"text-editor.default\">\n\t\t\t\t<div class=\"elementor-widget-container\">\n\t\t\t\t\t\t\t\t\t<h6 class=\"p1\">Aleppo Flame 18<\/h6><p class=\"p1\">C\u00f3digo Tequila, Humo Licor d Chipotle, Trios Citrus, Aleppo Chilli, Lime, Bitter<\/p><h6 class=\"p1\">Garden Of Shiraz 17<\/h6><p class=\"p1\">La Diablada Pisco, Doragrossa Violet, Gol\u00e9 Gav Z\u00e4bun, Citrus, Bitter<\/p><h6 class=\"p1\">Bahar Narenj 18<\/h6><p class=\"p1\">No.3 Gin, Doragrossa Bergamot, Persian Bergamot Citrus, Cr\u00e9mant, Bitters<\/p><h6 class=\"p1\">Albalu Negroni 17<\/h6><p class=\"p1\">Kyr\u00f6 Pink Gin, Antica Formula, Carpano Bitter, Albalu Torsh, Bitter<\/p>\t\t\t\t\t\t\t\t<\/div>\n\t\t\t\t<\/div>\n\t\t\t\t\t<\/div>\n\t\t\t\t<\/div>\n\t\t<div class=\"elementor-element elementor-element-c68c120 e-grid e-con-boxed e-con e-parent\" data-id=\"c68c120\" data-element_type=\"container\" data-e-type=\"container\">\n\t\t\t\t\t<div class=\"e-con-inner\">\n\t\t\t\t<div class=\"elementor-element elementor-element-fc83bd8 elementor-widget elementor-widget-heading\" data-id=\"fc83bd8\" data-element_type=\"widget\" data-e-type=\"widget\" data-widget_type=\"heading.default\">\n\t\t\t\t<div class=\"elementor-widget-container\">\n\t\t\t\t\t<h2 class=\"elementor-heading-title elementor-size-default\">Classic Cocktails<\/h2>\t\t\t\t<\/div>\n\t\t\t\t<\/div>\n\t\t\t\t<div class=\"elementor-element elementor-element-65f9e3e elementor-widget elementor-widget-text-editor\" data-id=\"65f9e3e\" data-element_type=\"widget\" data-e-type=\"widget\" data-widget_type=\"text-editor.default\">\n\t\t\t\t<div class=\"elementor-widget-container\">\n\t\t\t\t\t\t\t\t\t<h6 class=\"p1\">Dry Martini 18<\/h6><p class=\"p1\">No.3 Gin, Del Professore Pickled Vermouth, Bitters<\/p><h6 class=\"p1\">Experience a table side martini with the ingredients of your own choice 22<\/h6><h6 class=\"p1\">Manhattan 18<\/h6><p class=\"p1\">Rittenhouse Straight Rye, Antica Formula, Gomme, Bitters<\/p><h6 class=\"p1\">Bloody Maria 18<\/h6><p class=\"p1\">Nodo Tequilana, Tomato, Worcestershire Sauce, Lemon, Spices, Celery, Bitter<\/p><h6 class=\"p1\">Naked &amp; Famous 18<\/h6><p class=\"p1\">Del Maguey Vida, Chartreuse Jaune, Luxardo Aperitivo, Lime, Agave, Bitter<\/p><h6 class=\"p1\">Old Fashioned 18<\/h6><p class=\"p1\">Knob Creek9 Bourbon, Evan Williams, Gomme, Bitters<\/p><h6 class=\"p1\">Margarita 18<\/h6><p class=\"p1\">C\u00f3digo Blanco, Trios Citrus, Lime, Agave, Bitter<\/p><h6 class=\"p1\">Pisco Sour 18<\/h6><p class=\"p1\">La Diablada Pisco, Lemon, Sugar, Egg W, Bitter<\/p><h6 class=\"p1\">Caipirinha 18<\/h6><p class=\"p1\">Capucana Cacha\u00e7a, Lime, Cane Sugar<\/p><h6 class=\"p1\">Paloma 18<\/h6><p class=\"p1\">Casamigos Blanco, Grapefruit, Lime, Grapefruit Soda, Bitter<\/p>\t\t\t\t\t\t\t\t<\/div>\n\t\t\t\t<\/div>\n\t\t\t\t\t<\/div>\n\t\t\t\t<\/div>\n\t\t<div class=\"elementor-element elementor-element-80172b5 e-grid e-con-boxed e-con e-parent\" data-id=\"80172b5\" data-element_type=\"container\" data-e-type=\"container\">\n\t\t\t\t\t<div class=\"e-con-inner\">\n\t\t\t\t<div class=\"elementor-element elementor-element-e3ef0db elementor-widget elementor-widget-heading\" data-id=\"e3ef0db\" data-element_type=\"widget\" data-e-type=\"widget\" data-widget_type=\"heading.default\">\n\t\t\t\t<div class=\"elementor-widget-container\">\n\t\t\t\t\t<h2 class=\"elementor-heading-title elementor-size-default\">Tonic Selection<\/h2>\t\t\t\t<\/div>\n\t\t\t\t<\/div>\n\t\t\t\t<div class=\"elementor-element elementor-element-414026c elementor-widget elementor-widget-text-editor\" data-id=\"414026c\" data-element_type=\"widget\" data-e-type=\"widget\" data-widget_type=\"text-editor.default\">\n\t\t\t\t<div class=\"elementor-widget-container\">\n\t\t\t\t\t\t\t\t\t<h6 class=\"p1\">No.3 London Dry Gin 16<\/h6><p class=\"p1\">No.3 Gin, Fever Tree Indian Tonic Water, Pink Grapefruit, Rosmary<\/p><h6 class=\"p1\">KI NO BI, Kyoto Dry Gin 20<\/h6><p class=\"p1\">Ki No Bi Japanese Gin, Fever tree Indian Tonic, Lemon<\/p><h6 class=\"p1\">Roku Japanese 18<\/h6><p class=\"p1\">Roku Japanese Gin, Fever tree Indian Tonic, Lemon<\/p><h6 class=\"p1\">Kyr\u00f6 Napue 16<\/h6><p class=\"p1\">Kyr\u00f6 Napue, Fever tree Indian Tonic, Cranberry, Rosmary<\/p><h6 class=\"p1\">Kyr\u00f6 Pink Gin 16<\/h6><p class=\"p1\">Kyr\u00f6 Pink Gin, Rhubarb &amp; Raspberry Tonic, Pink Grapefruit<\/p><h6 class=\"p1\">Tanqueray No.10 17<\/h6><p class=\"p1\">Tanqueray 10 Gin, Fever Tree Indian Tonic, Grapefruit<\/p><h6 class=\"p1\">Hven Navy Strength 17<\/h6><p class=\"p1\">Hven Navy Strength Gin, Fever Tree Indian Tonic, Juniper<\/p><h6 class=\"p1\">Doragrossa Mediterranean Gin 16<\/h6><p class=\"p1\">Doragrossa Mediterranean Gin, Fever Tree Indian Tonic, Olive<\/p><h6 class=\"p1\">Four Pillars Olive Leaf Gin 16<\/h6><p class=\"p1\">Four Pillars Gin, Fever Tree Indian Tonic, Olive, Lemon<\/p><h6 class=\"p1\">Chartreuse Verte 16<\/h6><p class=\"p1\">Chartreuse Verte, Fever Tree Indian Tonic, Lemon<\/p>\t\t\t\t\t\t\t\t<\/div>\n\t\t\t\t<\/div>\n\t\t\t\t\t<\/div>\n\t\t\t\t<\/div>\n\t\t<div class=\"elementor-element elementor-element-70789bc e-grid e-con-boxed e-con e-parent\" data-id=\"70789bc\" data-element_type=\"container\" data-e-type=\"container\">\n\t\t\t\t\t<div class=\"e-con-inner\">\n\t\t\t\t<div class=\"elementor-element elementor-element-18643dc elementor-widget elementor-widget-heading\" data-id=\"18643dc\" data-element_type=\"widget\" data-e-type=\"widget\" data-widget_type=\"heading.default\">\n\t\t\t\t<div class=\"elementor-widget-container\">\n\t\t\t\t\t<h2 class=\"elementor-heading-title elementor-size-default\">Non-Alcoholic Selection<\/h2>\t\t\t\t<\/div>\n\t\t\t\t<\/div>\n\t\t\t\t<div class=\"elementor-element elementor-element-6df7cfe elementor-widget elementor-widget-text-editor\" data-id=\"6df7cfe\" data-element_type=\"widget\" data-e-type=\"widget\" data-widget_type=\"text-editor.default\">\n\t\t\t\t<div class=\"elementor-widget-container\">\n\t\t\t\t\t\t\t\t\t<h6 class=\"p1\">Gin &amp; Tonic Zero 12<\/h6><p class=\"p1\">Home-Made Non-Alcoholic Gin, Tonic Water, Lemon, Thyme<\/p><h6 class=\"p1\">Isfahan 12<\/h6><p class=\"p1\">Lyres Amaretti, Pistachio orgeat, Lemon, Rose water, Egg W, Bitter<\/p><h6 class=\"p1\">Aleppo Flame 12<\/h6><p class=\"p1\">Almave Amber, Trios Citrus Cordial, Aleppo Chilli, Lime, Bitter<\/p><h6 class=\"p1\">Bahar Narenj<\/h6><p class=\"p1\">Zero Gin, Persian Bergamot Citrus, Copenhagen Sparkling tea<\/p>\t\t\t\t\t\t\t\t<\/div>\n\t\t\t\t<\/div>\n\t\t\t\t\t<\/div>\n\t\t\t\t<\/div>\n\t\t<div class=\"elementor-element elementor-element-780a2e5 e-grid e-con-boxed e-con e-parent\" data-id=\"780a2e5\" data-element_type=\"container\" data-e-type=\"container\">\n\t\t\t\t\t<div class=\"e-con-inner\">\n\t\t\t\t<div class=\"elementor-element elementor-element-d94d887 elementor-widget elementor-widget-heading\" data-id=\"d94d887\" data-element_type=\"widget\" data-e-type=\"widget\" data-widget_type=\"heading.default\">\n\t\t\t\t<div class=\"elementor-widget-container\">\n\t\t\t\t\t<h2 class=\"elementor-heading-title elementor-size-default\">Whiskey &amp; Cognac<\/h2>\t\t\t\t<\/div>\n\t\t\t\t<\/div>\n\t\t\t\t<div class=\"elementor-element elementor-element-00f0b93 elementor-widget elementor-widget-text-editor\" data-id=\"00f0b93\" data-element_type=\"widget\" data-e-type=\"widget\" data-widget_type=\"text-editor.default\">\n\t\t\t\t<div class=\"elementor-widget-container\">\n\t\t\t\t\t\t\t\t\t<p class=\"p1\">Macallan Sherry Oak 007 100<\/p><p class=\"p1\">Macallan Sherry Oak 25 Yo 300<\/p><p class=\"p1\">Macallan Sherry Oak 18 Yo 70<\/p><p class=\"p1\">Macallan Sherry Oak 12 Yo 24<\/p><p class=\"p1\">Kyr\u00f6 Distillery, Malt Olorosso 15<\/p><p class=\"p1\">Makers Mark 46, French Oaked 16<\/p><p class=\"p1\">Knob Creek 9 Bourbon 18<\/p><p class=\"p1\">Knob Creek 7 Rye 18<\/p><p class=\"p1\">Rittenhouse Rye BIB 15<\/p><p class=\"p1\">Hibiki Japanese Harmony 22<\/p><p class=\"p1\">Laphroaig lore 18<\/p><p>\u00a0<\/p><p class=\"p1\">Hennesy XO 35<\/p><p class=\"p1\">Hennesy VSOP 15<\/p>\t\t\t\t\t\t\t\t<\/div>\n\t\t\t\t<\/div>\n\t\t\t\t\t<\/div>\n\t\t\t\t<\/div>\n\t\t<div class=\"elementor-element elementor-element-13575d4 e-grid e-con-boxed e-con e-parent\" data-id=\"13575d4\" data-element_type=\"container\" data-e-type=\"container\">\n\t\t\t\t\t<div class=\"e-con-inner\">\n\t\t\t\t<div class=\"elementor-element elementor-element-9ecb22a elementor-widget elementor-widget-heading\" data-id=\"9ecb22a\" data-element_type=\"widget\" data-e-type=\"widget\" data-widget_type=\"heading.default\">\n\t\t\t\t<div class=\"elementor-widget-container\">\n\t\t\t\t\t<h2 class=\"elementor-heading-title elementor-size-default\">Liqueurs<\/h2>\t\t\t\t<\/div>\n\t\t\t\t<\/div>\n\t\t\t\t<div class=\"elementor-element elementor-element-d404b4e elementor-widget elementor-widget-text-editor\" data-id=\"d404b4e\" data-element_type=\"widget\" data-e-type=\"widget\" data-widget_type=\"text-editor.default\">\n\t\t\t\t<div class=\"elementor-widget-container\">\n\t\t\t\t\t\t\t\t\t<p class=\"p1\">Kyr\u00f6 Dairy Cream 10<\/p><p class=\"p1\">Creme de la Creme (vegan) 10<\/p><p class=\"p1\">Alcymist Amaretto 12<\/p><p class=\"p1\">Chartreuse Verte 15<\/p><p class=\"p1\">Chartreuse Jaune 15<\/p><p class=\"p1\">Kahlua 10<\/p><p class=\"p1\">Doragrossa Bergamot 10<\/p><p class=\"p1\">Dorgarossa Violetta 8<\/p><p class=\"p1\">Humo Licor d Chipotle 12<\/p>\t\t\t\t\t\t\t\t<\/div>\n\t\t\t\t<\/div>\n\t\t\t\t\t<\/div>\n\t\t\t\t<\/div>\n\t\t<div class=\"elementor-element elementor-element-c4f9dc0 e-grid e-con-boxed e-con e-parent\" data-id=\"c4f9dc0\" data-element_type=\"container\" data-e-type=\"container\">\n\t\t\t\t\t<div class=\"e-con-inner\">\n\t\t\t\t<div class=\"elementor-element elementor-element-b032d6f elementor-widget elementor-widget-heading\" data-id=\"b032d6f\" data-element_type=\"widget\" data-e-type=\"widget\" data-widget_type=\"heading.default\">\n\t\t\t\t<div class=\"elementor-widget-container\">\n\t\t\t\t\t<h2 class=\"elementor-heading-title elementor-size-default\">Calvados &amp; Rum &amp; Agave<\/h2>\t\t\t\t<\/div>\n\t\t\t\t<\/div>\n\t\t\t\t<div class=\"elementor-element elementor-element-82b67b5 elementor-widget elementor-widget-text-editor\" data-id=\"82b67b5\" data-element_type=\"widget\" data-e-type=\"widget\" data-widget_type=\"text-editor.default\">\n\t\t\t\t<div class=\"elementor-widget-container\">\n\t\t\t\t\t\t\t\t\t<p class=\"p1\">Dupont Calvados VSOP 14<\/p><p class=\"p1\">Dupont Calvados Fine 12<\/p><p>\u00a0<\/p><p class=\"p1\">Brugal 1888 15<\/p><p class=\"p1\">Flor de Ca\u00f1a 18 Yo 20<\/p><p class=\"p1\">Havana Club, Especial 12<\/p><p>\u00a0<\/p><p class=\"p1\">Volcan X.A Tequila 40<\/p><p class=\"p1\">Don Julio 1942 30<\/p><p class=\"p1\">Los Tres Tonos Reposado 16<\/p><p class=\"p1\">C\u00f3digo Blanco 16<\/p><p class=\"p1\">C\u00f3digo Rosa 18<\/p><p class=\"p1\">Nodo Tequilana 13<\/p><p class=\"p1\">Drrumbes Durango 15<\/p><p class=\"p1\">Don Julio Blanco 16<\/p><p class=\"p1\">Casamigos Blanco 18<\/p>\t\t\t\t\t\t\t\t<\/div>\n\t\t\t\t<\/div>\n\t\t\t\t\t<\/div>\n\t\t\t\t<\/div>\n\t\t<div class=\"elementor-element elementor-element-172ccc8 e-grid e-con-boxed e-con e-parent\" data-id=\"172ccc8\" data-element_type=\"container\" data-e-type=\"container\">\n\t\t\t\t\t<div class=\"e-con-inner\">\n\t\t\t\t<div class=\"elementor-element elementor-element-09f32c7 elementor-widget elementor-widget-heading\" data-id=\"09f32c7\" data-element_type=\"widget\" data-e-type=\"widget\" data-widget_type=\"heading.default\">\n\t\t\t\t<div class=\"elementor-widget-container\">\n\t\t\t\t\t<h2 class=\"elementor-heading-title elementor-size-default\">Vermouth, Amaro, Bitter<\/h2>\t\t\t\t<\/div>\n\t\t\t\t<\/div>\n\t\t\t\t<div class=\"elementor-element elementor-element-a359f6a elementor-widget elementor-widget-text-editor\" data-id=\"a359f6a\" data-element_type=\"widget\" data-e-type=\"widget\" data-widget_type=\"text-editor.default\">\n\t\t\t\t<div class=\"elementor-widget-container\">\n\t\t\t\t\t\t\t\t\t<p class=\"p1\">Antica Formula Rosso 8<\/p><p class=\"p1\">Cucielo Vermouth Rosso 8<\/p><p class=\"p1\">Vermutti 8<\/p><p class=\"p1\">Cucielo Vermouth Bianco 8<\/p><p class=\"p1\">Noilly Prat 8<\/p><p class=\"p1\">Amaro Montenegro 8<\/p><p class=\"p1\">Doragrosa Amaro di Torino 8<\/p><p class=\"p1\">Carpano Botanic Bitter 8<\/p><p class=\"p1\">Luxardo Aperitivo 8<\/p>\t\t\t\t\t\t\t\t<\/div>\n\t\t\t\t<\/div>\n\t\t\t\t\t<\/div>\n\t\t\t\t<\/div>\n\t\t<div class=\"elementor-element elementor-element-01b4e4c e-grid e-con-boxed e-con e-parent\" data-id=\"01b4e4c\" data-element_type=\"container\" data-e-type=\"container\">\n\t\t\t\t\t<div class=\"e-con-inner\">\n\t\t\t\t<div class=\"elementor-element elementor-element-5661f00 elementor-widget elementor-widget-heading\" data-id=\"5661f00\" data-element_type=\"widget\" data-e-type=\"widget\" data-widget_type=\"heading.default\">\n\t\t\t\t<div class=\"elementor-widget-container\">\n\t\t\t\t\t<h2 class=\"elementor-heading-title elementor-size-default\">Beers &amp; Ciders<\/h2>\t\t\t\t<\/div>\n\t\t\t\t<\/div>\n\t\t\t\t<div class=\"elementor-element elementor-element-688b239 elementor-widget elementor-widget-text-editor\" data-id=\"688b239\" data-element_type=\"widget\" data-e-type=\"widget\" data-widget_type=\"text-editor.default\">\n\t\t\t\t<div class=\"elementor-widget-container\">\n\t\t\t\t\t\t\t\t\t<h6 class=\"p1\">Draft<\/h6><p class=\"p1\">Helsinki Bryggeri Lager 4,7% 9,5<\/p><p class=\"p1\">Helsinki Bryggeri IPA 5,2% 11<\/p><h6 class=\"p1\">Bottle<\/h6><p class=\"p1\">Stallhagen Lager 4,5% 9,5<\/p><p class=\"p1\">Stallhagen ESB 5,8% 10<\/p><p class=\"p1\">Stallhagen Pale Honey Lager 4,7% 10<\/p><p class=\"p1\">Stallhagen Baltic Porter 7% 10<\/p><p class=\"p1\">Heineken 9,5<\/p><p>\u00a0<\/p><p class=\"p1\">Grannas 5% 9,5<\/p>\t\t\t\t\t\t\t\t<\/div>\n\t\t\t\t<\/div>\n\t\t\t\t\t<\/div>\n\t\t\t\t<\/div>\n\t\t<div class=\"elementor-element elementor-element-2e9ee1d e-grid e-con-boxed e-con e-parent\" data-id=\"2e9ee1d\" data-element_type=\"container\" data-e-type=\"container\">\n\t\t\t\t\t<div class=\"e-con-inner\">\n\t\t\t\t<div class=\"elementor-element elementor-element-426d228 elementor-widget elementor-widget-heading\" data-id=\"426d228\" data-element_type=\"widget\" data-e-type=\"widget\" data-widget_type=\"heading.default\">\n\t\t\t\t<div class=\"elementor-widget-container\">\n\t\t\t\t\t<h2 class=\"elementor-heading-title elementor-size-default\">Beers &amp; Ciders 0%<\/h2>\t\t\t\t<\/div>\n\t\t\t\t<\/div>\n\t\t\t\t<div class=\"elementor-element elementor-element-9d01891 elementor-widget elementor-widget-text-editor\" data-id=\"9d01891\" data-element_type=\"widget\" data-e-type=\"widget\" data-widget_type=\"text-editor.default\">\n\t\t\t\t<div class=\"elementor-widget-container\">\n\t\t\t\t\t\t\t\t\t<p class=\"p1\">Birra Moretti Zero 7<\/p><p class=\"p1\">Heineken 0% 7<\/p><p>\u00a0<\/p><p class=\"p1\">Happy Joe 0% 7<\/p>\t\t\t\t\t\t\t\t<\/div>\n\t\t\t\t<\/div>\n\t\t\t\t\t<\/div>\n\t\t\t\t<\/div>\n\t\t<div class=\"elementor-element elementor-element-407a243 e-grid e-con-boxed e-con e-parent\" data-id=\"407a243\" data-element_type=\"container\" data-e-type=\"container\">\n\t\t\t\t\t<div class=\"e-con-inner\">\n\t\t\t\t<div class=\"elementor-element elementor-element-b9a18a7 elementor-widget elementor-widget-heading\" data-id=\"b9a18a7\" data-element_type=\"widget\" data-e-type=\"widget\" data-widget_type=\"heading.default\">\n\t\t\t\t<div class=\"elementor-widget-container\">\n\t\t\t\t\t<h2 class=\"elementor-heading-title elementor-size-default\">Coffees<\/h2>\t\t\t\t<\/div>\n\t\t\t\t<\/div>\n\t\t\t\t<div class=\"elementor-element elementor-element-d3da816 elementor-widget elementor-widget-text-editor\" data-id=\"d3da816\" data-element_type=\"widget\" data-e-type=\"widget\" data-widget_type=\"text-editor.default\">\n\t\t\t\t<div class=\"elementor-widget-container\">\n\t\t\t\t\t\t\t\t\t<p class=\"p1\">Americano 5<\/p><p class=\"p1\">Espresso 3,5<\/p><p class=\"p1\">Espresso Doppio 5<\/p><p class=\"p1\">Cappuccino 5<\/p>\t\t\t\t\t\t\t\t<\/div>\n\t\t\t\t<\/div>\n\t\t\t\t\t<\/div>\n\t\t\t\t<\/div>\n\t\t<div class=\"elementor-element elementor-element-fe400b0 e-grid e-con-boxed e-con e-parent\" data-id=\"fe400b0\" data-element_type=\"container\" data-e-type=\"container\">\n\t\t\t\t\t<div class=\"e-con-inner\">\n\t\t\t\t<div class=\"elementor-element elementor-element-102e571 elementor-widget elementor-widget-heading\" data-id=\"102e571\" data-element_type=\"widget\" data-e-type=\"widget\" data-widget_type=\"heading.default\">\n\t\t\t\t<div class=\"elementor-widget-container\">\n\t\t\t\t\t<h2 class=\"elementor-heading-title elementor-size-default\">Nefer Tea Selection<\/h2>\t\t\t\t<\/div>\n\t\t\t\t<\/div>\n\t\t\t\t<div class=\"elementor-element elementor-element-d57ca23 elementor-widget elementor-widget-text-editor\" data-id=\"d57ca23\" data-element_type=\"widget\" data-e-type=\"widget\" data-widget_type=\"text-editor.default\">\n\t\t\t\t<div class=\"elementor-widget-container\">\n\t\t\t\t\t\t\t\t\t<p class=\"p1\">Aromatic Black Tea, Cardamon, Persian Rose, Saffron 5<\/p><p class=\"p1\">Black Tea, Saffron 5<\/p><p class=\"p1\">Green Tea, Cardamom 5<\/p><p class=\"p1\">Pomegranate, Hibiscus, Orange 5<\/p><p class=\"p1\">Served with N\u00e4bat<\/p>\t\t\t\t\t\t\t\t<\/div>\n\t\t\t\t<\/div>\n\t\t\t\t\t<\/div>\n\t\t\t\t<\/div>\n\t\t\t\t<\/div>","protected":false},"excerpt":{"rendered":"<p>Cocktailit Alkemia (arabiaksi: al-kimiya) oli kemiaa ennen jaksollista j\u00e4rjestelm\u00e4\u00e4. Uskottiin, ett\u00e4 yhdist\u00e4m\u00e4ll\u00e4 nelj\u00e4 peruselementti\u00e4 \u2013 maa, tuli, ilma ja vesi \u2013 oikeissa suhteissa voidaan luoda rautaa, kultaa, juoma tai jopa el\u00e4m\u00e4\u00e4. Signature Cocktails Isfahan 2.0 18 Brugal 1888, Safari Exotic, Pistachio Orgeat, Lemon, Rose Water, Orange Blossom Watew, Egg W, Bitter, Cheese cake Pasargad 20 [&hellip;]<\/p>\n","protected":false},"author":1,"featured_media":0,"parent":0,"menu_order":0,"comment_status":"closed","ping_status":"closed","template":"","meta":{"site-sidebar-layout":"no-sidebar","site-content-layout":"page-builder","ast-site-content-layout":"full-width-container","site-content-style":"default","site-sidebar-style":"default","ast-global-header-display":"","ast-banner-title-visibility":"","ast-main-header-display":"","ast-hfb-above-header-display":"","ast-hfb-below-header-display":"","ast-hfb-mobile-header-display":"","site-post-title":"disabled","ast-breadcrumbs-content":"","ast-featured-img":"disabled","footer-sml-layout":"","ast-disable-related-posts":"","theme-transparent-header-meta":"","adv-header-id-meta":"","stick-header-meta":"","header-above-stick-meta":"","header-main-stick-meta":"","header-below-stick-meta":"","astra-migrate-meta-layouts":"default","ast-page-background-enabled":"default","ast-page-background-meta":{"desktop":{"background-color":"","background-image":"","background-repeat":"repeat","background-position":"center center","background-size":"auto","background-attachment":"scroll","background-type":"","background-media":"","overlay-type":"","overlay-color":"","overlay-opacity":"","overlay-gradient":""},"tablet":{"background-color":"","background-image":"","background-repeat":"repeat","background-position":"center center","background-size":"auto","background-attachment":"scroll","background-type":"","background-media":"","overlay-type":"","overlay-color":"","overlay-opacity":"","overlay-gradient":""},"mobile":{"background-color":"","background-image":"","background-repeat":"repeat","background-position":"center center","background-size":"auto","background-attachment":"scroll","background-type":"","background-media":"","overlay-type":"","overlay-color":"","overlay-opacity":"","overlay-gradient":""}},"ast-content-background-meta":{"desktop":{"background-color":"var(--ast-global-color-5)","background-image":"","background-repeat":"repeat","background-position":"center center","background-size":"auto","background-attachment":"scroll","background-type":"","background-media":"","overlay-type":"","overlay-color":"","overlay-opacity":"","overlay-gradient":""},"tablet":{"background-color":"var(--ast-global-color-5)","background-image":"","background-repeat":"repeat","background-position":"center center","background-size":"auto","background-attachment":"scroll","background-type":"","background-media":"","overlay-type":"","overlay-color":"","overlay-opacity":"","overlay-gradient":""},"mobile":{"background-color":"var(--ast-global-color-5)","background-image":"","background-repeat":"repeat","background-position":"center center","background-size":"auto","background-attachment":"scroll","background-type":"","background-media":"","overlay-type":"","overlay-color":"","overlay-opacity":"","overlay-gradient":""}},"footnotes":""},"class_list":["post-956","page","type-page","status-publish","hentry"],"_links":{"self":[{"href":"https:\/\/nefernefernefer.fi\/en\/wp-json\/wp\/v2\/pages\/956","targetHints":{"allow":["GET"]}}],"collection":[{"href":"https:\/\/nefernefernefer.fi\/en\/wp-json\/wp\/v2\/pages"}],"about":[{"href":"https:\/\/nefernefernefer.fi\/en\/wp-json\/wp\/v2\/types\/page"}],"author":[{"embeddable":true,"href":"https:\/\/nefernefernefer.fi\/en\/wp-json\/wp\/v2\/users\/1"}],"replies":[{"embeddable":true,"href":"https:\/\/nefernefernefer.fi\/en\/wp-json\/wp\/v2\/comments?post=956"}],"version-history":[{"count":49,"href":"https:\/\/nefernefernefer.fi\/en\/wp-json\/wp\/v2\/pages\/956\/revisions"}],"predecessor-version":[{"id":1291,"href":"https:\/\/nefernefernefer.fi\/en\/wp-json\/wp\/v2\/pages\/956\/revisions\/1291"}],"wp:attachment":[{"href":"https:\/\/nefernefernefer.fi\/en\/wp-json\/wp\/v2\/media?parent=956"}],"curies":[{"name":"wp","href":"https:\/\/api.w.org\/{rel}","templated":true}]}}